{"id":1596,"date":"2014-04-20T10:13:03","date_gmt":"2014-04-20T08:13:03","guid":{"rendered":"http:\/\/osp.slonsk.pl\/?page_id=1596"},"modified":"2026-01-20T20:50:32","modified_gmt":"2026-01-20T19:50:32","slug":"statystyki-wyjazdow-latach-2011-2013","status":"publish","type":"page","link":"https:\/\/osp.slonsk.pl\/?page_id=1596","title":{"rendered":"Statystyki wyjazd\u00f3w w latach 2011-2025"},"content":{"rendered":"<p><span style=\"color: #0000ff;\"><strong>Rok 2025<\/strong><\/span><\/p>\n<p>Ilo\u015b\u0107 interwencji &#8211; <strong>69<\/strong><\/p>\n<p>Po\u017cary &#8211; <strong>24<\/strong><\/p>\n<p>Miejscowe zagro\u017cenia &#8211; <strong>38<\/strong><\/p>\n<p>Alarmy fa\u0142szywe &#8211;<strong>4<\/strong><\/p>\n<p><span style=\"color: #0000ff;\"><strong>Rok 2024<\/strong><\/span><\/p>\n<p>Ilo\u015b\u0107 interwencji &#8211; <strong>71<\/strong><\/p>\n<p>Po\u017cary &#8211; <strong>25<\/strong><\/p>\n<p>Miejscowe zagro\u017cenia &#8211; <strong>45<\/strong><\/p>\n<p>Alarmy fa\u0142szywe &#8211;<strong>2<\/strong><\/p>\n<p><span style=\"color: #0000ff;\"><strong>Rok 2023<\/strong><\/span><\/p>\n<p>Ilo\u015b\u0107 interwencji &#8211; <strong>92<\/strong><\/p>\n<p>Po\u017cary &#8211; <strong>34<\/strong><\/p>\n<p>Miejscowe zagro\u017cenia &#8211; <strong>52<\/strong><\/p>\n<p>Alarmy fa\u0142szywe &#8211;<strong>5\u00a0<\/strong><\/p>\n<p><span style=\"color: #0000ff;\"><strong>Rok 2022<\/strong><\/span><\/p>\n<p><span style=\"color: #000000;\">Ilo\u015b\u0107 interwencji-<strong>109<\/strong><\/span><\/p>\n<p>Po\u017cary-<strong>42<\/strong><\/p>\n<p>Miejscowe zagro\u017cenia-<strong>66<\/strong><\/p>\n<p>Alarmy fa\u0142szywe-<strong>1<\/strong><\/p>\n<p><span style=\"color: #0000ff;\"><strong>Rok 2021<\/strong><\/span><\/p>\n<p><span style=\"color: #000000;\">Ilo\u015b\u0107 interwencji-<strong>91<\/strong><\/span><\/p>\n<p>Po\u017cary-<strong>36<\/strong><\/p>\n<p>Miejscowe zagro\u017cenia-<b>52<\/b><\/p>\n<p>Alarmy fa\u0142szywe-<strong>3<\/strong><\/p>\n<p><span style=\"color: #0000ff;\"><strong>Rok 2020<\/strong><\/span><\/p>\n<p><span style=\"color: #000000;\">Ilo\u015b\u0107 interwencji-<strong>93<\/strong><\/span><\/p>\n<p>Po\u017cary-<strong>30<\/strong><\/p>\n<p>Miejscowe zagro\u017cenia-<strong>61<\/strong><\/p>\n<p>Alarmy fa\u0142szywe-<b>2<\/b><\/p>\n<p><span style=\"color: #0000ff;\"><strong>Rok 2019<\/strong><\/span><\/p>\n<p><span style=\"color: #000000;\">Ilo\u015b\u0107 interwencji-<strong>111<\/strong><\/span><\/p>\n<p>Po\u017cary-<strong>66<\/strong><\/p>\n<p>Miejscowe zagro\u017cenia-<strong>41<\/strong><\/p>\n<p>Fa\u0142szywe alarmy-<strong>4<\/strong><\/p>\n<p><strong><span style=\"color: #0000ff;\">Rok 2018<\/span><\/strong><\/p>\n<p>Ilo\u015b\u0107 interwencji-<strong>125<\/strong><\/p>\n<p>Po\u017cary-<strong>42<\/strong><\/p>\n<p>Miejscowe zagro\u017cenia-<strong><span style=\"color: #000000;\">80<\/span><\/strong><\/p>\n<p>Fa\u0142szywe alarmy &#8211;<strong>3<\/strong><\/p>\n<p><strong><span style=\"color: #0000ff;\">Rok 2017<\/span><\/strong><\/p>\n<p>Ilo\u015b\u0107 interwencji-<strong>97<\/strong><\/p>\n<p>Po\u017cary-<strong>25<\/strong><\/p>\n<p>Miejscowe zagro\u017cenia-<strong><span style=\"color: #000000;\">67<\/span><\/strong><\/p>\n<p>Fa\u0142szywe alarmy &#8211;<strong>5<\/strong><\/p>\n<p><span style=\"color: #0000ff;\"><strong>Rok 2016<\/strong><\/span><\/p>\n<p>Ilo\u015b\u0107 interwencji-<strong>82<\/strong><\/p>\n<p>Po\u017cary-<strong>32<\/strong><\/p>\n<p>Miejscowe zagro\u017cenia-<strong><span style=\"color: #000000;\">50<\/span><\/strong><\/p>\n<p>Fa\u0142szywe alarmy &#8211;<strong>0<\/strong><\/p>\n<p><span style=\"color: #0000ff;\"><strong>Rok 2015<\/strong><\/span><\/p>\n<p>Ilo\u015b\u0107 interwencji &#8211;<strong>141<\/strong><\/p>\n<p>Po\u017cary &#8211; <strong>65<\/strong><\/p>\n<p>Miejscowe zagro\u017cenia &#8211; <strong>76<\/strong><\/p>\n<p>Fa\u0142szywe alarmy &#8211;<strong>0<\/strong><\/p>\n<p><span style=\"color: #0000ff;\"><strong>Rok 2014<\/strong><\/span><\/p>\n<p>Ilo\u015b\u0107 interwencji &#8211;<strong>105<\/strong><\/p>\n<p>Po\u017cary &#8211;\u00a0<strong>28<\/strong><\/p>\n<p>Miejscowe zagro\u017cenia &#8211; <strong>77<\/strong><\/p>\n<p>Fa\u0142szywe alarmy &#8211;<strong>0<\/strong><\/p>\n<p><span style=\"color: #0000ff;\"><strong>Rok 2013<\/strong><\/span><\/p>\n<p>Ilo\u015b\u0107 interwencji &#8211;<strong>67<\/strong><\/p>\n<p>Po\u017cary &#8211;\u00a0<strong>23<\/strong><\/p>\n<p>Miejscowe zagro\u017cenia &#8211;\u00a0<strong>44<\/strong><\/p>\n<p>Fa\u0142szywe alarmy &#8211;<strong>0<\/strong><\/p>\n<p><span style=\"color: #0000ff;\"><strong>Rok 2012<\/strong><\/span><\/p>\n<p>Ilo\u015b\u0107 interwencji &#8211;<strong>101<\/strong><\/p>\n<p>Po\u017cary &#8211;\u00a0<strong>25<\/strong><\/p>\n<p>Miejscowe zagro\u017cenia &#8211; <strong>75<br \/>\n<\/strong><\/p>\n<p>Fa\u0142szywe alarmy &#8211;<strong>1<\/strong><\/p>\n<p><span style=\"color: #0000ff;\"><strong>Rok 2011<\/strong><\/span><\/p>\n<p>Ilo\u015b\u0107 interwencji &#8211;<strong>92<\/strong><\/p>\n<p>Po\u017cary &#8211; <strong>18<br \/>\n<\/strong><\/p>\n<p>Miejscowe zagro\u017cenia &#8211;\u00a0<strong>73<br \/>\n<\/strong><\/p>\n<p>Fa\u0142szywe alarmy &#8211;<strong>1<\/strong><\/p>\n","protected":false},"excerpt":{"rendered":"<p>Rok 2025 Ilo\u015b\u0107 interwencji &#8211; 69 Po\u017cary &#8211; 24 Miejscowe zagro\u017cenia &#8211; 38 Alarmy fa\u0142szywe &#8211;4 Rok 2024 Ilo\u015b\u0107 interwencji &#8211; 71 Po\u017cary &#8211; 25 Miejscowe zagro\u017cenia &#8211; 45 Alarmy fa\u0142szywe &#8211;2 Rok 2023 Ilo\u015b\u0107 interwencji &#8211; 92 Po\u017cary &#8211; 34 Miejscowe zagro\u017cenia &#8211; 52 Alarmy fa\u0142szywe &#8211;5\u00a0 Rok 2022&hellip; <\/p>\n","protected":false},"author":1,"featured_media":0,"parent":0,"menu_order":0,"comment_status":"closed","ping_status":"open","template":"","meta":{"footnotes":""},"class_list":["post-1596","page","type-page","status-publish","hentry"],"_links":{"self":[{"href":"https:\/\/osp.slonsk.pl\/index.php?rest_route=\/wp\/v2\/pages\/1596","targetHints":{"allow":["GET"]}}],"collection":[{"href":"https:\/\/osp.slonsk.pl\/index.php?rest_route=\/wp\/v2\/pages"}],"about":[{"href":"https:\/\/osp.slonsk.pl\/index.php?rest_route=\/wp\/v2\/types\/page"}],"author":[{"embeddable":true,"href":"https:\/\/osp.slonsk.pl\/index.php?rest_route=\/wp\/v2\/users\/1"}],"replies":[{"embeddable":true,"href":"https:\/\/osp.slonsk.pl\/index.php?rest_route=%2Fwp%2Fv2%2Fcomments&post=1596"}],"version-history":[{"count":20,"href":"https:\/\/osp.slonsk.pl\/index.php?rest_route=\/wp\/v2\/pages\/1596\/revisions"}],"predecessor-version":[{"id":6007,"href":"https:\/\/osp.slonsk.pl\/index.php?rest_route=\/wp\/v2\/pages\/1596\/revisions\/6007"}],"wp:attachment":[{"href":"https:\/\/osp.slonsk.pl\/index.php?rest_route=%2Fwp%2Fv2%2Fmedia&parent=1596"}],"curies":[{"name":"wp","href":"https:\/\/api.w.org\/{rel}","templated":true}]}}