{"id":78,"date":"2013-11-12T23:51:09","date_gmt":"2013-11-12T22:51:09","guid":{"rendered":"http:\/\/osp.slonsk.pl\/?page_id=78"},"modified":"2014-10-03T08:26:07","modified_gmt":"2014-10-03T06:26:07","slug":"mercedes","status":"publish","type":"page","link":"http:\/\/osp.slonsk.pl\/?page_id=78","title":{"rendered":"Mercedes Atego"},"content":{"rendered":"<div style=\"text-align: center;\"><a href=\"http:\/\/osp.slonsk.pl\/wp-content\/uploads\/2013\/11\/m2.jpg\"><img loading=\"lazy\" decoding=\"async\" class=\"alignnone  wp-image-219\" src=\"http:\/\/osp.slonsk.pl\/wp-content\/uploads\/2013\/11\/m2.jpg\" alt=\"m2\" width=\"500\" height=\"330\" \/><\/a> <a href=\"http:\/\/osp.slonsk.pl\/wp-content\/uploads\/2013\/11\/m1.jpg\"><img loading=\"lazy\" decoding=\"async\" class=\"alignnone  wp-image-220\" src=\"http:\/\/osp.slonsk.pl\/wp-content\/uploads\/2013\/11\/m1.jpg\" alt=\"m1\" width=\"500\" height=\"307\" \/><\/a><\/div>\n<div style=\"text-align: center;\"><strong>Parametry<\/strong> GBA 2,7\/16<\/div>\n<div style=\"text-align: center;\"><strong>Numer operacyjny<\/strong> 419-21<\/div>\n<div style=\"text-align: center;\"><strong>Rok produkcji<\/strong> 2013<\/div>\n<div style=\"text-align: center;\"><strong>Nap\u0119d uterenowiony<\/strong> 4&#215;4<\/div>\n<p>&nbsp;<\/p>\n<div style=\"text-align: center;\"><strong>Sprz\u0119t ratowniczo &#8211; ga\u015bniczy<\/strong><\/div>\n<div style=\"text-align: center;\">Zbiornik wody 2700 l<\/div>\n<div style=\"text-align: center;\">Zbiornik na \u015brodek pianotw\u00f3rczy 270 l<\/div>\n<div style=\"text-align: center;\">Szybkie natarcie 60 m d\u0142ugo\u015bci<\/div>\n<div style=\"text-align: center;\">Pomp\u0119 wysokoci\u015bnieniow\u0105 \u00a040 \u00a0atmosfer<\/div>\n<div style=\"text-align: center;\">Zraszacze przednie i boczne<\/div>\n<div style=\"text-align: center;\">Dzia\u0142ko wodne o wydajno\u015bci od 800 do 3200 litr\u00f3w<\/div>\n<div style=\"text-align: center;\">wci\u0105gark\u0119 o uci\u0105gu 8 ton<\/div>\n<div style=\"text-align: center;\">4 Aparaty powietrzne Ochrony Dr\u00f3g Oddechowych Auer<br \/>\ni sygnalizatory bezruchu<br \/>\ni 2 zamienne butle<\/div>\n<div style=\"text-align: center;\">Zestaw Holmatro<\/div>\n<div style=\"text-align: center;\">Zestaw pierwszej pomocy: torba PSP R1, deska \u2013 typ nosze,<\/div>\n<div style=\"text-align: center;\">szyny Kramera, zestaw hydro\u017celi<\/div>\n<div style=\"text-align: center;\">Motopompa p\u0142ywaj\u0105ca NIAGARA<\/div>\n<div style=\"text-align: center;\">Motopompa szlamowa<\/div>\n<div style=\"text-align: center;\">Drabina nasadkowa drewniana &#8211; 2 prz\u0119s\u0142a<\/div>\n<div style=\"text-align: center;\">Drabina wysuwana aluminiowa dwuprz\u0119s\u0142owa D10W<\/div>\n<div style=\"text-align: center;\">Sprz\u0119t do zabezpieczania miejsca zdarzenia<\/div>\n<div style=\"text-align: center;\">Sprz\u0119t i maszt o\u015bwietleniowy<\/div>\n<div style=\"text-align: center;\">Agregat pr\u0105dotw\u00f3rczy<\/div>\n<div style=\"text-align: center;\">Wentylator oddymiaj\u0105cy<\/div>\n<div style=\"text-align: center;\">4 Radiostacje nasobne Motorola<\/div>\n<div style=\"text-align: center;\">Sprz\u0119t burz\u0105cy<\/div>\n<div style=\"text-align: center;\">Pi\u0142y do stali i betonu<\/div>\n<div style=\"text-align: center;\">2 Pi\u0142y do drewna<\/div>\n<div style=\"text-align: center;\">2 Ubrania na owady<\/div>\n<div style=\"text-align: center;\">4 Latarki<\/div>\n<div style=\"text-align: center;\">2 Latarki do kierowania ruchem drogowym<\/div>\n<div style=\"text-align: center;\">Szelki zabezpieczaj\u0105ce, liny, szekle itp.<\/div>\n<div style=\"text-align: center;\">Sprz\u0119t do ratownictwa drogowego<\/div>\n<div style=\"text-align: center;\"><\/div>\n<div style=\"text-align: center;\">\n<div data-carousel-extra='{\"blog_id\":1,\"permalink\":\"http:\\\/\\\/osp.slonsk.pl\\\/?page_id=78\",\"likes_blog_id\":false}' id='gallery-1' class='gallery galleryid-78 gallery-columns-4 gallery-size-thumbnail'><figure class='gallery-item'>\n\t\t\t<div class='gallery-icon landscape'>\n\t\t\t\t<a href='http:\/\/osp.slonsk.pl\/?attachment_id=250'><img loading=\"lazy\" decoding=\"async\" width=\"150\" height=\"150\" src=\"http:\/\/osp.slonsk.pl\/wp-content\/uploads\/2013\/11\/mercedes1-150x150.jpg\" class=\"attachment-thumbnail size-thumbnail\" alt=\"\" data-attachment-id=\"250\" data-orig-file=\"http:\/\/osp.slonsk.pl\/wp-content\/uploads\/2013\/11\/mercedes1.jpg\" data-orig-size=\"800,600\" data-comments-opened=\"0\" data-image-meta=\"{&quot;aperture&quot;:&quot;2.8&quot;,&quot;credit&quot;:&quot;&quot;,&quot;camera&quot;:&quot;FinePix HS50EXR&quot;,&quot;caption&quot;:&quot;&quot;,&quot;created_timestamp&quot;:&quot;1386759483&quot;,&quot;copyright&quot;:&quot;&quot;,&quot;focal_length&quot;:&quot;4.4&quot;,&quot;iso&quot;:&quot;400&quot;,&quot;shutter_speed&quot;:&quot;0.0333333333333&quot;,&quot;title&quot;:&quot;&quot;}\" data-image-title=\"mercedes1\" data-image-description=\"\" data-medium-file=\"http:\/\/osp.slonsk.pl\/wp-content\/uploads\/2013\/11\/mercedes1-300x225.jpg\" data-large-file=\"http:\/\/osp.slonsk.pl\/wp-content\/uploads\/2013\/11\/mercedes1.jpg\" \/><\/a>\n\t\t\t<\/div><\/figure><figure class='gallery-item'>\n\t\t\t<div class='gallery-icon landscape'>\n\t\t\t\t<a href='http:\/\/osp.slonsk.pl\/?attachment_id=251'><img loading=\"lazy\" decoding=\"async\" width=\"150\" height=\"150\" src=\"http:\/\/osp.slonsk.pl\/wp-content\/uploads\/2013\/11\/mercedes2-150x150.jpg\" class=\"attachment-thumbnail size-thumbnail\" alt=\"\" data-attachment-id=\"251\" data-orig-file=\"http:\/\/osp.slonsk.pl\/wp-content\/uploads\/2013\/11\/mercedes2.jpg\" data-orig-size=\"800,600\" data-comments-opened=\"0\" data-image-meta=\"{&quot;aperture&quot;:&quot;2.8&quot;,&quot;credit&quot;:&quot;&quot;,&quot;camera&quot;:&quot;FinePix HS50EXR&quot;,&quot;caption&quot;:&quot;&quot;,&quot;created_timestamp&quot;:&quot;1386759588&quot;,&quot;copyright&quot;:&quot;&quot;,&quot;focal_length&quot;:&quot;4.6&quot;,&quot;iso&quot;:&quot;800&quot;,&quot;shutter_speed&quot;:&quot;0.0384615384615&quot;,&quot;title&quot;:&quot;&quot;}\" data-image-title=\"mercedes2\" data-image-description=\"\" data-medium-file=\"http:\/\/osp.slonsk.pl\/wp-content\/uploads\/2013\/11\/mercedes2-300x225.jpg\" data-large-file=\"http:\/\/osp.slonsk.pl\/wp-content\/uploads\/2013\/11\/mercedes2.jpg\" \/><\/a>\n\t\t\t<\/div><\/figure><figure class='gallery-item'>\n\t\t\t<div class='gallery-icon landscape'>\n\t\t\t\t<a href='http:\/\/osp.slonsk.pl\/?attachment_id=252'><img loading=\"lazy\" decoding=\"async\" width=\"150\" height=\"150\" src=\"http:\/\/osp.slonsk.pl\/wp-content\/uploads\/2013\/11\/mercedes3-150x150.jpg\" class=\"attachment-thumbnail size-thumbnail\" alt=\"\" data-attachment-id=\"252\" data-orig-file=\"http:\/\/osp.slonsk.pl\/wp-content\/uploads\/2013\/11\/mercedes3.jpg\" data-orig-size=\"800,532\" data-comments-opened=\"0\" data-image-meta=\"{&quot;aperture&quot;:&quot;3.5&quot;,&quot;credit&quot;:&quot;&quot;,&quot;camera&quot;:&quot;NIKON D3200&quot;,&quot;caption&quot;:&quot;&quot;,&quot;created_timestamp&quot;:&quot;1386763417&quot;,&quot;copyright&quot;:&quot;&quot;,&quot;focal_length&quot;:&quot;18&quot;,&quot;iso&quot;:&quot;3200&quot;,&quot;shutter_speed&quot;:&quot;0.0166666666667&quot;,&quot;title&quot;:&quot;&quot;}\" data-image-title=\"mercedes3\" data-image-description=\"\" data-medium-file=\"http:\/\/osp.slonsk.pl\/wp-content\/uploads\/2013\/11\/mercedes3-300x199.jpg\" data-large-file=\"http:\/\/osp.slonsk.pl\/wp-content\/uploads\/2013\/11\/mercedes3.jpg\" \/><\/a>\n\t\t\t<\/div><\/figure><figure class='gallery-item'>\n\t\t\t<div class='gallery-icon landscape'>\n\t\t\t\t<a href='http:\/\/osp.slonsk.pl\/?attachment_id=253'><img loading=\"lazy\" decoding=\"async\" width=\"150\" height=\"150\" src=\"http:\/\/osp.slonsk.pl\/wp-content\/uploads\/2013\/11\/mercedes4-150x150.jpg\" class=\"attachment-thumbnail size-thumbnail\" alt=\"\" data-attachment-id=\"253\" data-orig-file=\"http:\/\/osp.slonsk.pl\/wp-content\/uploads\/2013\/11\/mercedes4.jpg\" data-orig-size=\"800,600\" data-comments-opened=\"0\" data-image-meta=\"{&quot;aperture&quot;:&quot;3.2&quot;,&quot;credit&quot;:&quot;&quot;,&quot;camera&quot;:&quot;FinePix HS50EXR&quot;,&quot;caption&quot;:&quot;&quot;,&quot;created_timestamp&quot;:&quot;1386759803&quot;,&quot;copyright&quot;:&quot;&quot;,&quot;focal_length&quot;:&quot;6.8&quot;,&quot;iso&quot;:&quot;400&quot;,&quot;shutter_speed&quot;:&quot;0.00588235294118&quot;,&quot;title&quot;:&quot;&quot;}\" data-image-title=\"mercedes4\" data-image-description=\"\" data-medium-file=\"http:\/\/osp.slonsk.pl\/wp-content\/uploads\/2013\/11\/mercedes4-300x225.jpg\" data-large-file=\"http:\/\/osp.slonsk.pl\/wp-content\/uploads\/2013\/11\/mercedes4.jpg\" \/><\/a>\n\t\t\t<\/div><\/figure><figure class='gallery-item'>\n\t\t\t<div class='gallery-icon landscape'>\n\t\t\t\t<a href='http:\/\/osp.slonsk.pl\/?attachment_id=254'><img loading=\"lazy\" decoding=\"async\" width=\"150\" height=\"150\" src=\"http:\/\/osp.slonsk.pl\/wp-content\/uploads\/2013\/11\/mercedes5-150x150.jpg\" class=\"attachment-thumbnail size-thumbnail\" alt=\"\" data-attachment-id=\"254\" data-orig-file=\"http:\/\/osp.slonsk.pl\/wp-content\/uploads\/2013\/11\/mercedes5.jpg\" data-orig-size=\"800,532\" data-comments-opened=\"0\" data-image-meta=\"{&quot;aperture&quot;:&quot;4&quot;,&quot;credit&quot;:&quot;&quot;,&quot;camera&quot;:&quot;NIKON D3200&quot;,&quot;caption&quot;:&quot;&quot;,&quot;created_timestamp&quot;:&quot;1386763556&quot;,&quot;copyright&quot;:&quot;&quot;,&quot;focal_length&quot;:&quot;18&quot;,&quot;iso&quot;:&quot;400&quot;,&quot;shutter_speed&quot;:&quot;0.008&quot;,&quot;title&quot;:&quot;&quot;}\" data-image-title=\"mercedes5\" data-image-description=\"\" data-medium-file=\"http:\/\/osp.slonsk.pl\/wp-content\/uploads\/2013\/11\/mercedes5-300x199.jpg\" data-large-file=\"http:\/\/osp.slonsk.pl\/wp-content\/uploads\/2013\/11\/mercedes5.jpg\" \/><\/a>\n\t\t\t<\/div><\/figure><figure class='gallery-item'>\n\t\t\t<div class='gallery-icon landscape'>\n\t\t\t\t<a href='http:\/\/osp.slonsk.pl\/?attachment_id=255'><img loading=\"lazy\" decoding=\"async\" width=\"150\" height=\"150\" src=\"http:\/\/osp.slonsk.pl\/wp-content\/uploads\/2013\/11\/mercedes6-150x150.jpg\" class=\"attachment-thumbnail size-thumbnail\" alt=\"\" data-attachment-id=\"255\" data-orig-file=\"http:\/\/osp.slonsk.pl\/wp-content\/uploads\/2013\/11\/mercedes6.jpg\" data-orig-size=\"800,532\" data-comments-opened=\"0\" data-image-meta=\"{&quot;aperture&quot;:&quot;4&quot;,&quot;credit&quot;:&quot;&quot;,&quot;camera&quot;:&quot;NIKON D3200&quot;,&quot;caption&quot;:&quot;&quot;,&quot;created_timestamp&quot;:&quot;1386763613&quot;,&quot;copyright&quot;:&quot;&quot;,&quot;focal_length&quot;:&quot;18&quot;,&quot;iso&quot;:&quot;400&quot;,&quot;shutter_speed&quot;:&quot;0.008&quot;,&quot;title&quot;:&quot;&quot;}\" data-image-title=\"mercedes6\" data-image-description=\"\" data-medium-file=\"http:\/\/osp.slonsk.pl\/wp-content\/uploads\/2013\/11\/mercedes6-300x199.jpg\" data-large-file=\"http:\/\/osp.slonsk.pl\/wp-content\/uploads\/2013\/11\/mercedes6.jpg\" \/><\/a>\n\t\t\t<\/div><\/figure><figure class='gallery-item'>\n\t\t\t<div class='gallery-icon landscape'>\n\t\t\t\t<a href='http:\/\/osp.slonsk.pl\/?attachment_id=256'><img loading=\"lazy\" decoding=\"async\" width=\"150\" height=\"150\" src=\"http:\/\/osp.slonsk.pl\/wp-content\/uploads\/2013\/11\/mercedes7-150x150.jpg\" class=\"attachment-thumbnail size-thumbnail\" alt=\"\" data-attachment-id=\"256\" data-orig-file=\"http:\/\/osp.slonsk.pl\/wp-content\/uploads\/2013\/11\/mercedes7.jpg\" data-orig-size=\"800,532\" data-comments-opened=\"0\" data-image-meta=\"{&quot;aperture&quot;:&quot;4&quot;,&quot;credit&quot;:&quot;&quot;,&quot;camera&quot;:&quot;NIKON D3200&quot;,&quot;caption&quot;:&quot;&quot;,&quot;created_timestamp&quot;:&quot;1386763604&quot;,&quot;copyright&quot;:&quot;&quot;,&quot;focal_length&quot;:&quot;18&quot;,&quot;iso&quot;:&quot;400&quot;,&quot;shutter_speed&quot;:&quot;0.0166666666667&quot;,&quot;title&quot;:&quot;&quot;}\" data-image-title=\"mercedes7\" data-image-description=\"\" data-medium-file=\"http:\/\/osp.slonsk.pl\/wp-content\/uploads\/2013\/11\/mercedes7-300x199.jpg\" data-large-file=\"http:\/\/osp.slonsk.pl\/wp-content\/uploads\/2013\/11\/mercedes7.jpg\" \/><\/a>\n\t\t\t<\/div><\/figure><figure class='gallery-item'>\n\t\t\t<div class='gallery-icon landscape'>\n\t\t\t\t<a href='http:\/\/osp.slonsk.pl\/?attachment_id=257'><img loading=\"lazy\" decoding=\"async\" width=\"150\" height=\"150\" src=\"http:\/\/osp.slonsk.pl\/wp-content\/uploads\/2013\/11\/mercedes8-150x150.jpg\" class=\"attachment-thumbnail size-thumbnail\" alt=\"\" data-attachment-id=\"257\" data-orig-file=\"http:\/\/osp.slonsk.pl\/wp-content\/uploads\/2013\/11\/mercedes8.jpg\" data-orig-size=\"800,532\" data-comments-opened=\"0\" data-image-meta=\"{&quot;aperture&quot;:&quot;4&quot;,&quot;credit&quot;:&quot;&quot;,&quot;camera&quot;:&quot;NIKON D3200&quot;,&quot;caption&quot;:&quot;&quot;,&quot;created_timestamp&quot;:&quot;1386763665&quot;,&quot;copyright&quot;:&quot;&quot;,&quot;focal_length&quot;:&quot;18&quot;,&quot;iso&quot;:&quot;320&quot;,&quot;shutter_speed&quot;:&quot;0.008&quot;,&quot;title&quot;:&quot;&quot;}\" data-image-title=\"mercedes8\" data-image-description=\"\" data-medium-file=\"http:\/\/osp.slonsk.pl\/wp-content\/uploads\/2013\/11\/mercedes8-300x199.jpg\" data-large-file=\"http:\/\/osp.slonsk.pl\/wp-content\/uploads\/2013\/11\/mercedes8.jpg\" \/><\/a>\n\t\t\t<\/div><\/figure><figure class='gallery-item'>\n\t\t\t<div class='gallery-icon landscape'>\n\t\t\t\t<a href='http:\/\/osp.slonsk.pl\/?attachment_id=258'><img loading=\"lazy\" decoding=\"async\" width=\"150\" height=\"150\" src=\"http:\/\/osp.slonsk.pl\/wp-content\/uploads\/2013\/11\/mercedes9-150x150.jpg\" class=\"attachment-thumbnail size-thumbnail\" alt=\"\" data-attachment-id=\"258\" data-orig-file=\"http:\/\/osp.slonsk.pl\/wp-content\/uploads\/2013\/11\/mercedes9.jpg\" data-orig-size=\"800,532\" data-comments-opened=\"0\" data-image-meta=\"{&quot;aperture&quot;:&quot;5.3&quot;,&quot;credit&quot;:&quot;&quot;,&quot;camera&quot;:&quot;NIKON D3200&quot;,&quot;caption&quot;:&quot;&quot;,&quot;created_timestamp&quot;:&quot;1386763669&quot;,&quot;copyright&quot;:&quot;&quot;,&quot;focal_length&quot;:&quot;80&quot;,&quot;iso&quot;:&quot;900&quot;,&quot;shutter_speed&quot;:&quot;0.0166666666667&quot;,&quot;title&quot;:&quot;&quot;}\" data-image-title=\"mercedes9\" data-image-description=\"\" data-medium-file=\"http:\/\/osp.slonsk.pl\/wp-content\/uploads\/2013\/11\/mercedes9-300x199.jpg\" data-large-file=\"http:\/\/osp.slonsk.pl\/wp-content\/uploads\/2013\/11\/mercedes9.jpg\" \/><\/a>\n\t\t\t<\/div><\/figure><figure class='gallery-item'>\n\t\t\t<div class='gallery-icon landscape'>\n\t\t\t\t<a href='http:\/\/osp.slonsk.pl\/?attachment_id=259'><img loading=\"lazy\" decoding=\"async\" width=\"150\" height=\"150\" src=\"http:\/\/osp.slonsk.pl\/wp-content\/uploads\/2013\/11\/mercedes10-150x150.jpg\" class=\"attachment-thumbnail size-thumbnail\" alt=\"\" data-attachment-id=\"259\" data-orig-file=\"http:\/\/osp.slonsk.pl\/wp-content\/uploads\/2013\/11\/mercedes10.jpg\" data-orig-size=\"800,600\" data-comments-opened=\"0\" data-image-meta=\"{&quot;aperture&quot;:&quot;3.6&quot;,&quot;credit&quot;:&quot;&quot;,&quot;camera&quot;:&quot;FinePix HS50EXR&quot;,&quot;caption&quot;:&quot;&quot;,&quot;created_timestamp&quot;:&quot;1386759845&quot;,&quot;copyright&quot;:&quot;&quot;,&quot;focal_length&quot;:&quot;7.5&quot;,&quot;iso&quot;:&quot;400&quot;,&quot;shutter_speed&quot;:&quot;0.00714285714286&quot;,&quot;title&quot;:&quot;&quot;}\" data-image-title=\"mercedes10\" data-image-description=\"\" data-medium-file=\"http:\/\/osp.slonsk.pl\/wp-content\/uploads\/2013\/11\/mercedes10-300x225.jpg\" data-large-file=\"http:\/\/osp.slonsk.pl\/wp-content\/uploads\/2013\/11\/mercedes10.jpg\" \/><\/a>\n\t\t\t<\/div><\/figure><figure class='gallery-item'>\n\t\t\t<div class='gallery-icon landscape'>\n\t\t\t\t<a href='http:\/\/osp.slonsk.pl\/?attachment_id=260'><img loading=\"lazy\" decoding=\"async\" width=\"150\" height=\"150\" src=\"http:\/\/osp.slonsk.pl\/wp-content\/uploads\/2013\/11\/mercedes11-150x150.jpg\" class=\"attachment-thumbnail size-thumbnail\" alt=\"\" data-attachment-id=\"260\" data-orig-file=\"http:\/\/osp.slonsk.pl\/wp-content\/uploads\/2013\/11\/mercedes11.jpg\" data-orig-size=\"800,532\" data-comments-opened=\"0\" data-image-meta=\"{&quot;aperture&quot;:&quot;4.5&quot;,&quot;credit&quot;:&quot;&quot;,&quot;camera&quot;:&quot;NIKON D3200&quot;,&quot;caption&quot;:&quot;&quot;,&quot;created_timestamp&quot;:&quot;1386764003&quot;,&quot;copyright&quot;:&quot;&quot;,&quot;focal_length&quot;:&quot;38&quot;,&quot;iso&quot;:&quot;400&quot;,&quot;shutter_speed&quot;:&quot;0.0125&quot;,&quot;title&quot;:&quot;&quot;}\" data-image-title=\"mercedes11\" data-image-description=\"\" data-medium-file=\"http:\/\/osp.slonsk.pl\/wp-content\/uploads\/2013\/11\/mercedes11-300x199.jpg\" data-large-file=\"http:\/\/osp.slonsk.pl\/wp-content\/uploads\/2013\/11\/mercedes11.jpg\" \/><\/a>\n\t\t\t<\/div><\/figure><figure class='gallery-item'>\n\t\t\t<div class='gallery-icon landscape'>\n\t\t\t\t<a href='http:\/\/osp.slonsk.pl\/?attachment_id=261'><img loading=\"lazy\" decoding=\"async\" width=\"150\" height=\"150\" src=\"http:\/\/osp.slonsk.pl\/wp-content\/uploads\/2013\/11\/mercedes12-150x150.jpg\" class=\"attachment-thumbnail size-thumbnail\" alt=\"\" data-attachment-id=\"261\" data-orig-file=\"http:\/\/osp.slonsk.pl\/wp-content\/uploads\/2013\/11\/mercedes12.jpg\" data-orig-size=\"800,505\" data-comments-opened=\"0\" data-image-meta=\"{&quot;aperture&quot;:&quot;3.2&quot;,&quot;credit&quot;:&quot;&quot;,&quot;camera&quot;:&quot;FinePix HS50EXR&quot;,&quot;caption&quot;:&quot;&quot;,&quot;created_timestamp&quot;:&quot;1386760125&quot;,&quot;copyright&quot;:&quot;&quot;,&quot;focal_length&quot;:&quot;5.2&quot;,&quot;iso&quot;:&quot;250&quot;,&quot;shutter_speed&quot;:&quot;0.00625&quot;,&quot;title&quot;:&quot;&quot;}\" data-image-title=\"mercedes12\" data-image-description=\"\" data-medium-file=\"http:\/\/osp.slonsk.pl\/wp-content\/uploads\/2013\/11\/mercedes12-300x189.jpg\" data-large-file=\"http:\/\/osp.slonsk.pl\/wp-content\/uploads\/2013\/11\/mercedes12.jpg\" \/><\/a>\n\t\t\t<\/div><\/figure><figure class='gallery-item'>\n\t\t\t<div class='gallery-icon landscape'>\n\t\t\t\t<a href='http:\/\/osp.slonsk.pl\/?attachment_id=262'><img loading=\"lazy\" decoding=\"async\" width=\"150\" height=\"150\" src=\"http:\/\/osp.slonsk.pl\/wp-content\/uploads\/2013\/11\/mercedes14-150x150.jpg\" class=\"attachment-thumbnail size-thumbnail\" alt=\"\" data-attachment-id=\"262\" data-orig-file=\"http:\/\/osp.slonsk.pl\/wp-content\/uploads\/2013\/11\/mercedes14.jpg\" data-orig-size=\"800,532\" data-comments-opened=\"0\" data-image-meta=\"{&quot;aperture&quot;:&quot;5.6&quot;,&quot;credit&quot;:&quot;&quot;,&quot;camera&quot;:&quot;NIKON D3200&quot;,&quot;caption&quot;:&quot;&quot;,&quot;created_timestamp&quot;:&quot;1386763840&quot;,&quot;copyright&quot;:&quot;&quot;,&quot;focal_length&quot;:&quot;18&quot;,&quot;iso&quot;:&quot;400&quot;,&quot;shutter_speed&quot;:&quot;0.008&quot;,&quot;title&quot;:&quot;&quot;}\" data-image-title=\"mercedes14\" data-image-description=\"\" data-medium-file=\"http:\/\/osp.slonsk.pl\/wp-content\/uploads\/2013\/11\/mercedes14-300x199.jpg\" data-large-file=\"http:\/\/osp.slonsk.pl\/wp-content\/uploads\/2013\/11\/mercedes14.jpg\" \/><\/a>\n\t\t\t<\/div><\/figure><figure class='gallery-item'>\n\t\t\t<div class='gallery-icon landscape'>\n\t\t\t\t<a href='http:\/\/osp.slonsk.pl\/?attachment_id=263'><img loading=\"lazy\" decoding=\"async\" width=\"150\" height=\"150\" src=\"http:\/\/osp.slonsk.pl\/wp-content\/uploads\/2013\/11\/mercedes15-150x150.jpg\" class=\"attachment-thumbnail size-thumbnail\" alt=\"\" data-attachment-id=\"263\" data-orig-file=\"http:\/\/osp.slonsk.pl\/wp-content\/uploads\/2013\/11\/mercedes15.jpg\" data-orig-size=\"800,600\" data-comments-opened=\"0\" data-image-meta=\"{&quot;aperture&quot;:&quot;2.8&quot;,&quot;credit&quot;:&quot;&quot;,&quot;camera&quot;:&quot;FinePix HS50EXR&quot;,&quot;caption&quot;:&quot;&quot;,&quot;created_timestamp&quot;:&quot;1386759941&quot;,&quot;copyright&quot;:&quot;&quot;,&quot;focal_length&quot;:&quot;4.4&quot;,&quot;iso&quot;:&quot;200&quot;,&quot;shutter_speed&quot;:&quot;0.00625&quot;,&quot;title&quot;:&quot;&quot;}\" data-image-title=\"mercedes15\" data-image-description=\"\" data-medium-file=\"http:\/\/osp.slonsk.pl\/wp-content\/uploads\/2013\/11\/mercedes15-300x225.jpg\" data-large-file=\"http:\/\/osp.slonsk.pl\/wp-content\/uploads\/2013\/11\/mercedes15.jpg\" \/><\/a>\n\t\t\t<\/div><\/figure><figure class='gallery-item'>\n\t\t\t<div class='gallery-icon landscape'>\n\t\t\t\t<a href='http:\/\/osp.slonsk.pl\/?attachment_id=265'><img loading=\"lazy\" decoding=\"async\" width=\"150\" height=\"150\" src=\"http:\/\/osp.slonsk.pl\/wp-content\/uploads\/2013\/11\/mercedes16-150x150.jpg\" class=\"attachment-thumbnail size-thumbnail\" alt=\"\" data-attachment-id=\"265\" data-orig-file=\"http:\/\/osp.slonsk.pl\/wp-content\/uploads\/2013\/11\/mercedes16.jpg\" data-orig-size=\"800,600\" data-comments-opened=\"0\" data-image-meta=\"{&quot;aperture&quot;:&quot;2.8&quot;,&quot;credit&quot;:&quot;&quot;,&quot;camera&quot;:&quot;FinePix HS50EXR&quot;,&quot;caption&quot;:&quot;&quot;,&quot;created_timestamp&quot;:&quot;1386760051&quot;,&quot;copyright&quot;:&quot;&quot;,&quot;focal_length&quot;:&quot;4.4&quot;,&quot;iso&quot;:&quot;200&quot;,&quot;shutter_speed&quot;:&quot;0.00625&quot;,&quot;title&quot;:&quot;&quot;}\" data-image-title=\"mercedes16\" data-image-description=\"\" data-medium-file=\"http:\/\/osp.slonsk.pl\/wp-content\/uploads\/2013\/11\/mercedes16-300x225.jpg\" data-large-file=\"http:\/\/osp.slonsk.pl\/wp-content\/uploads\/2013\/11\/mercedes16.jpg\" \/><\/a>\n\t\t\t<\/div><\/figure>\n\t\t<\/div>\n\n<\/div>\n","protected":false},"excerpt":{"rendered":"<p>Parametry GBA 2,7\/16 Numer operacyjny 419-21 Rok produkcji 2013 Nap\u0119d uterenowiony 4&#215;4 &nbsp; Sprz\u0119t ratowniczo &#8211; ga\u015bniczy Zbiornik wody 2700 l Zbiornik na \u015brodek pianotw\u00f3rczy 270 l Szybkie natarcie 60 m d\u0142ugo\u015bci Pomp\u0119 wysokoci\u015bnieniow\u0105 \u00a040 \u00a0atmosfer Zraszacze przednie i boczne Dzia\u0142ko wodne o wydajno\u015bci od 800 do 3200 litr\u00f3w wci\u0105gark\u0119&hellip; <\/p>\n","protected":false},"author":1,"featured_media":0,"parent":0,"menu_order":0,"comment_status":"closed","ping_status":"closed","template":"","meta":{"footnotes":""},"class_list":["post-78","page","type-page","status-publish","hentry"],"_links":{"self":[{"href":"http:\/\/osp.slonsk.pl\/index.php?rest_route=\/wp\/v2\/pages\/78","targetHints":{"allow":["GET"]}}],"collection":[{"href":"http:\/\/osp.slonsk.pl\/index.php?rest_route=\/wp\/v2\/pages"}],"about":[{"href":"http:\/\/osp.slonsk.pl\/index.php?rest_route=\/wp\/v2\/types\/page"}],"author":[{"embeddable":true,"href":"http:\/\/osp.slonsk.pl\/index.php?rest_route=\/wp\/v2\/users\/1"}],"replies":[{"embeddable":true,"href":"http:\/\/osp.slonsk.pl\/index.php?rest_route=%2Fwp%2Fv2%2Fcomments&post=78"}],"version-history":[{"count":14,"href":"http:\/\/osp.slonsk.pl\/index.php?rest_route=\/wp\/v2\/pages\/78\/revisions"}],"predecessor-version":[{"id":2213,"href":"http:\/\/osp.slonsk.pl\/index.php?rest_route=\/wp\/v2\/pages\/78\/revisions\/2213"}],"wp:attachment":[{"href":"http:\/\/osp.slonsk.pl\/index.php?rest_route=%2Fwp%2Fv2%2Fmedia&parent=78"}],"curies":[{"name":"wp","href":"https:\/\/api.w.org\/{rel}","templated":true}]}}