{"id":768,"date":"2014-02-20T08:45:50","date_gmt":"2014-02-20T07:45:50","guid":{"rendered":"http:\/\/osp.slonsk.pl\/?page_id=768"},"modified":"2014-02-20T08:45:50","modified_gmt":"2014-02-20T07:45:50","slug":"osp-slonsk-podczas-finalu-wielkiej-orkiestry-swiatecznej-pomocy-slonsk-8-01-2006","status":"publish","type":"page","link":"http:\/\/osp.slonsk.pl\/?page_id=768","title":{"rendered":"OSP S\u0142o\u0144sk podczas Fina\u0142u Wielkiej Orkiestry \u015awi\u0105tecznej Pomocy &#8211; S\u0142o\u0144sk 8.01.2006"},"content":{"rendered":"<div data-carousel-extra='{\"blog_id\":1,\"permalink\":\"http:\\\/\\\/osp.slonsk.pl\\\/?page_id=768\",\"likes_blog_id\":false}' id='gallery-1' class='gallery galleryid-768 gallery-columns-3 gallery-size-thumbnail'><figure class='gallery-item'>\n\t\t\t<div class='gallery-icon landscape'>\n\t\t\t\t<a href='http:\/\/osp.slonsk.pl\/?attachment_id=773'><img loading=\"lazy\" decoding=\"async\" width=\"150\" height=\"150\" src=\"http:\/\/osp.slonsk.pl\/wp-content\/uploads\/2014\/02\/WOSP-8.01.2006-fot-5-150x150.jpg\" class=\"attachment-thumbnail size-thumbnail\" alt=\"\" data-attachment-id=\"773\" data-orig-file=\"http:\/\/osp.slonsk.pl\/wp-content\/uploads\/2014\/02\/WOSP-8.01.2006-fot-5.jpg\" data-orig-size=\"800,600\" data-comments-opened=\"0\" data-image-meta=\"{&quot;aperture&quot;:&quot;2.7&quot;,&quot;credit&quot;:&quot;&quot;,&quot;camera&quot;:&quot;Canon PowerShot S2 IS&quot;,&quot;caption&quot;:&quot;&quot;,&quot;created_timestamp&quot;:&quot;1136751678&quot;,&quot;copyright&quot;:&quot;&quot;,&quot;focal_length&quot;:&quot;6&quot;,&quot;iso&quot;:&quot;0&quot;,&quot;shutter_speed&quot;:&quot;0.0166666666667&quot;,&quot;title&quot;:&quot;&quot;}\" data-image-title=\"WOSP 8.01.2006 fot 5\" data-image-description=\"\" data-medium-file=\"http:\/\/osp.slonsk.pl\/wp-content\/uploads\/2014\/02\/WOSP-8.01.2006-fot-5-300x225.jpg\" data-large-file=\"http:\/\/osp.slonsk.pl\/wp-content\/uploads\/2014\/02\/WOSP-8.01.2006-fot-5.jpg\" \/><\/a>\n\t\t\t<\/div><\/figure><figure class='gallery-item'>\n\t\t\t<div class='gallery-icon landscape'>\n\t\t\t\t<a href='http:\/\/osp.slonsk.pl\/?attachment_id=772'><img loading=\"lazy\" decoding=\"async\" width=\"150\" height=\"150\" src=\"http:\/\/osp.slonsk.pl\/wp-content\/uploads\/2014\/02\/WOSP-8.01.2006-fot-4-150x150.jpg\" class=\"attachment-thumbnail size-thumbnail\" alt=\"\" data-attachment-id=\"772\" data-orig-file=\"http:\/\/osp.slonsk.pl\/wp-content\/uploads\/2014\/02\/WOSP-8.01.2006-fot-4.jpg\" data-orig-size=\"800,600\" data-comments-opened=\"0\" data-image-meta=\"{&quot;aperture&quot;:&quot;2.7&quot;,&quot;credit&quot;:&quot;&quot;,&quot;camera&quot;:&quot;Canon PowerShot S2 IS&quot;,&quot;caption&quot;:&quot;&quot;,&quot;created_timestamp&quot;:&quot;1136751668&quot;,&quot;copyright&quot;:&quot;&quot;,&quot;focal_length&quot;:&quot;6&quot;,&quot;iso&quot;:&quot;0&quot;,&quot;shutter_speed&quot;:&quot;0.0166666666667&quot;,&quot;title&quot;:&quot;&quot;}\" data-image-title=\"WOSP 8.01.2006 fot 4\" data-image-description=\"\" data-medium-file=\"http:\/\/osp.slonsk.pl\/wp-content\/uploads\/2014\/02\/WOSP-8.01.2006-fot-4-300x225.jpg\" data-large-file=\"http:\/\/osp.slonsk.pl\/wp-content\/uploads\/2014\/02\/WOSP-8.01.2006-fot-4.jpg\" \/><\/a>\n\t\t\t<\/div><\/figure><figure class='gallery-item'>\n\t\t\t<div class='gallery-icon landscape'>\n\t\t\t\t<a href='http:\/\/osp.slonsk.pl\/?attachment_id=771'><img loading=\"lazy\" decoding=\"async\" width=\"150\" height=\"150\" src=\"http:\/\/osp.slonsk.pl\/wp-content\/uploads\/2014\/02\/WOSP-8.01.2006-fot-3-150x150.jpg\" class=\"attachment-thumbnail size-thumbnail\" alt=\"\" data-attachment-id=\"771\" data-orig-file=\"http:\/\/osp.slonsk.pl\/wp-content\/uploads\/2014\/02\/WOSP-8.01.2006-fot-3.jpg\" data-orig-size=\"800,766\" data-comments-opened=\"0\" data-image-meta=\"{&quot;aperture&quot;:&quot;2.7&quot;,&quot;credit&quot;:&quot;&quot;,&quot;camera&quot;:&quot;Canon PowerShot S2 IS&quot;,&quot;caption&quot;:&quot;&quot;,&quot;created_timestamp&quot;:&quot;1136751426&quot;,&quot;copyright&quot;:&quot;&quot;,&quot;focal_length&quot;:&quot;6&quot;,&quot;iso&quot;:&quot;0&quot;,&quot;shutter_speed&quot;:&quot;0.0166666666667&quot;,&quot;title&quot;:&quot;&quot;}\" data-image-title=\"WOSP 8.01.2006 fot 3\" data-image-description=\"\" data-medium-file=\"http:\/\/osp.slonsk.pl\/wp-content\/uploads\/2014\/02\/WOSP-8.01.2006-fot-3-300x287.jpg\" data-large-file=\"http:\/\/osp.slonsk.pl\/wp-content\/uploads\/2014\/02\/WOSP-8.01.2006-fot-3.jpg\" \/><\/a>\n\t\t\t<\/div><\/figure><figure class='gallery-item'>\n\t\t\t<div class='gallery-icon landscape'>\n\t\t\t\t<a href='http:\/\/osp.slonsk.pl\/?attachment_id=770'><img loading=\"lazy\" decoding=\"async\" width=\"150\" height=\"150\" src=\"http:\/\/osp.slonsk.pl\/wp-content\/uploads\/2014\/02\/WOSP-8.01.2006-fot-2-150x150.jpg\" class=\"attachment-thumbnail size-thumbnail\" alt=\"\" data-attachment-id=\"770\" data-orig-file=\"http:\/\/osp.slonsk.pl\/wp-content\/uploads\/2014\/02\/WOSP-8.01.2006-fot-2.jpg\" data-orig-size=\"800,600\" data-comments-opened=\"0\" data-image-meta=\"{&quot;aperture&quot;:&quot;2.7&quot;,&quot;credit&quot;:&quot;&quot;,&quot;camera&quot;:&quot;Canon PowerShot S2 IS&quot;,&quot;caption&quot;:&quot;&quot;,&quot;created_timestamp&quot;:&quot;1136749461&quot;,&quot;copyright&quot;:&quot;&quot;,&quot;focal_length&quot;:&quot;6&quot;,&quot;iso&quot;:&quot;0&quot;,&quot;shutter_speed&quot;:&quot;0.125&quot;,&quot;title&quot;:&quot;&quot;}\" data-image-title=\"WOSP 8.01.2006 fot 2\" data-image-description=\"\" data-medium-file=\"http:\/\/osp.slonsk.pl\/wp-content\/uploads\/2014\/02\/WOSP-8.01.2006-fot-2-300x225.jpg\" data-large-file=\"http:\/\/osp.slonsk.pl\/wp-content\/uploads\/2014\/02\/WOSP-8.01.2006-fot-2.jpg\" \/><\/a>\n\t\t\t<\/div><\/figure><figure class='gallery-item'>\n\t\t\t<div class='gallery-icon landscape'>\n\t\t\t\t<a href='http:\/\/osp.slonsk.pl\/?attachment_id=769'><img loading=\"lazy\" decoding=\"async\" width=\"150\" height=\"150\" src=\"http:\/\/osp.slonsk.pl\/wp-content\/uploads\/2014\/02\/WOSP-8.01.2006-fot-1-150x150.jpg\" class=\"attachment-thumbnail size-thumbnail\" alt=\"\" data-attachment-id=\"769\" data-orig-file=\"http:\/\/osp.slonsk.pl\/wp-content\/uploads\/2014\/02\/WOSP-8.01.2006-fot-1.jpg\" data-orig-size=\"800,600\" data-comments-opened=\"0\" data-image-meta=\"{&quot;aperture&quot;:&quot;2.7&quot;,&quot;credit&quot;:&quot;&quot;,&quot;camera&quot;:&quot;Canon PowerShot S2 IS&quot;,&quot;caption&quot;:&quot;&quot;,&quot;created_timestamp&quot;:&quot;1136748776&quot;,&quot;copyright&quot;:&quot;&quot;,&quot;focal_length&quot;:&quot;6&quot;,&quot;iso&quot;:&quot;0&quot;,&quot;shutter_speed&quot;:&quot;0.125&quot;,&quot;title&quot;:&quot;&quot;}\" data-image-title=\"WOSP 8.01.2006 fot 1\" data-image-description=\"\" data-medium-file=\"http:\/\/osp.slonsk.pl\/wp-content\/uploads\/2014\/02\/WOSP-8.01.2006-fot-1-300x225.jpg\" data-large-file=\"http:\/\/osp.slonsk.pl\/wp-content\/uploads\/2014\/02\/WOSP-8.01.2006-fot-1.jpg\" \/><\/a>\n\t\t\t<\/div><\/figure>\n\t\t<\/div>\n\n","protected":false},"excerpt":{"rendered":"","protected":false},"author":1,"featured_media":0,"parent":0,"menu_order":0,"comment_status":"closed","ping_status":"open","template":"","meta":{"footnotes":""},"class_list":["post-768","page","type-page","status-publish","hentry"],"_links":{"self":[{"href":"http:\/\/osp.slonsk.pl\/index.php?rest_route=\/wp\/v2\/pages\/768","targetHints":{"allow":["GET"]}}],"collection":[{"href":"http:\/\/osp.slonsk.pl\/index.php?rest_route=\/wp\/v2\/pages"}],"about":[{"href":"http:\/\/osp.slonsk.pl\/index.php?rest_route=\/wp\/v2\/types\/page"}],"author":[{"embeddable":true,"href":"http:\/\/osp.slonsk.pl\/index.php?rest_route=\/wp\/v2\/users\/1"}],"replies":[{"embeddable":true,"href":"http:\/\/osp.slonsk.pl\/index.php?rest_route=%2Fwp%2Fv2%2Fcomments&post=768"}],"version-history":[{"count":1,"href":"http:\/\/osp.slonsk.pl\/index.php?rest_route=\/wp\/v2\/pages\/768\/revisions"}],"predecessor-version":[{"id":774,"href":"http:\/\/osp.slonsk.pl\/index.php?rest_route=\/wp\/v2\/pages\/768\/revisions\/774"}],"wp:attachment":[{"href":"http:\/\/osp.slonsk.pl\/index.php?rest_route=%2Fwp%2Fv2%2Fmedia&parent=768"}],"curies":[{"name":"wp","href":"https:\/\/api.w.org\/{rel}","templated":true}]}}