{"id":674,"date":"2014-02-19T09:58:35","date_gmt":"2014-02-19T08:58:35","guid":{"rendered":"http:\/\/osp.slonsk.pl\/?page_id=674"},"modified":"2014-02-19T09:58:54","modified_gmt":"2014-02-19T08:58:54","slug":"60-rocznica-zakonczenia-ii-wojny-swiatowej-slonsk-07-05-2005-r","status":"publish","type":"page","link":"http:\/\/osp.slonsk.pl\/?page_id=674","title":{"rendered":"60 rocznica zako\u0144czenia II wojny \u015bwiatowej &#8211; S\u0142o\u0144sk 07.05.2005 r.-"},"content":{"rendered":"<p>Warta honorowa druh\u00f3w OSP S\u0142o\u0144sk w s\u0142o\u0144skich miejscach pami\u0119ci.<\/p>\n<div data-carousel-extra='{\"blog_id\":1,\"permalink\":\"http:\\\/\\\/osp.slonsk.pl\\\/?page_id=674\",\"likes_blog_id\":false}' id='gallery-1' class='gallery galleryid-674 gallery-columns-3 gallery-size-thumbnail'><figure class='gallery-item'>\n\t\t\t<div class='gallery-icon portrait'>\n\t\t\t\t<a href='http:\/\/osp.slonsk.pl\/?attachment_id=675'><img loading=\"lazy\" decoding=\"async\" width=\"150\" height=\"150\" src=\"http:\/\/osp.slonsk.pl\/wp-content\/uploads\/2014\/02\/60-rocznica-zakonczenia-II-wojny-swiatowej-7.05.2005-fot-1-150x150.jpg\" class=\"attachment-thumbnail size-thumbnail\" alt=\"\" data-attachment-id=\"675\" data-orig-file=\"http:\/\/osp.slonsk.pl\/wp-content\/uploads\/2014\/02\/60-rocznica-zakonczenia-II-wojny-swiatowej-7.05.2005-fot-1.jpg\" data-orig-size=\"800,885\" data-comments-opened=\"0\" data-image-meta=\"{&quot;aperture&quot;:&quot;5.6&quot;,&quot;credit&quot;:&quot;&quot;,&quot;camera&quot;:&quot;KODAK CX6330 ZOOM DIGITAL CAMERA&quot;,&quot;caption&quot;:&quot;&quot;,&quot;created_timestamp&quot;:&quot;1115482497&quot;,&quot;copyright&quot;:&quot;&quot;,&quot;focal_length&quot;:&quot;5.6&quot;,&quot;iso&quot;:&quot;0&quot;,&quot;shutter_speed&quot;:&quot;0.004&quot;,&quot;title&quot;:&quot;&quot;}\" data-image-title=\"60 rocznica zakonczenia II wojny swiatowej 7.05.2005 fot 1\" data-image-description=\"\" data-medium-file=\"http:\/\/osp.slonsk.pl\/wp-content\/uploads\/2014\/02\/60-rocznica-zakonczenia-II-wojny-swiatowej-7.05.2005-fot-1-271x300.jpg\" data-large-file=\"http:\/\/osp.slonsk.pl\/wp-content\/uploads\/2014\/02\/60-rocznica-zakonczenia-II-wojny-swiatowej-7.05.2005-fot-1.jpg\" \/><\/a>\n\t\t\t<\/div><\/figure><figure class='gallery-item'>\n\t\t\t<div class='gallery-icon landscape'>\n\t\t\t\t<a href='http:\/\/osp.slonsk.pl\/?attachment_id=676'><img loading=\"lazy\" decoding=\"async\" width=\"150\" height=\"150\" src=\"http:\/\/osp.slonsk.pl\/wp-content\/uploads\/2014\/02\/60-rocznica-zakonczenia-II-wojny-swiatowej-7.05.2005-fot-2-150x150.jpg\" class=\"attachment-thumbnail size-thumbnail\" alt=\"\" data-attachment-id=\"676\" data-orig-file=\"http:\/\/osp.slonsk.pl\/wp-content\/uploads\/2014\/02\/60-rocznica-zakonczenia-II-wojny-swiatowej-7.05.2005-fot-2.jpg\" data-orig-size=\"800,600\" data-comments-opened=\"0\" data-image-meta=\"{&quot;aperture&quot;:&quot;2.8&quot;,&quot;credit&quot;:&quot;&quot;,&quot;camera&quot;:&quot;KODAK CX6330 ZOOM DIGITAL CAMERA&quot;,&quot;caption&quot;:&quot;&quot;,&quot;created_timestamp&quot;:&quot;1115485070&quot;,&quot;copyright&quot;:&quot;&quot;,&quot;focal_length&quot;:&quot;5.6&quot;,&quot;iso&quot;:&quot;0&quot;,&quot;shutter_speed&quot;:&quot;0.00555555555556&quot;,&quot;title&quot;:&quot;&quot;}\" data-image-title=\"60 rocznica zakonczenia II wojny swiatowej 7.05.2005 fot 2\" data-image-description=\"\" data-medium-file=\"http:\/\/osp.slonsk.pl\/wp-content\/uploads\/2014\/02\/60-rocznica-zakonczenia-II-wojny-swiatowej-7.05.2005-fot-2-300x225.jpg\" data-large-file=\"http:\/\/osp.slonsk.pl\/wp-content\/uploads\/2014\/02\/60-rocznica-zakonczenia-II-wojny-swiatowej-7.05.2005-fot-2.jpg\" \/><\/a>\n\t\t\t<\/div><\/figure>\n\t\t<\/div>\n\n","protected":false},"excerpt":{"rendered":"<p>Warta honorowa druh\u00f3w OSP S\u0142o\u0144sk w s\u0142o\u0144skich miejscach pami\u0119ci.<\/p>\n","protected":false},"author":1,"featured_media":0,"parent":0,"menu_order":0,"comment_status":"closed","ping_status":"open","template":"","meta":{"footnotes":""},"class_list":["post-674","page","type-page","status-publish","hentry"],"_links":{"self":[{"href":"http:\/\/osp.slonsk.pl\/index.php?rest_route=\/wp\/v2\/pages\/674","targetHints":{"allow":["GET"]}}],"collection":[{"href":"http:\/\/osp.slonsk.pl\/index.php?rest_route=\/wp\/v2\/pages"}],"about":[{"href":"http:\/\/osp.slonsk.pl\/index.php?rest_route=\/wp\/v2\/types\/page"}],"author":[{"embeddable":true,"href":"http:\/\/osp.slonsk.pl\/index.php?rest_route=\/wp\/v2\/users\/1"}],"replies":[{"embeddable":true,"href":"http:\/\/osp.slonsk.pl\/index.php?rest_route=%2Fwp%2Fv2%2Fcomments&post=674"}],"version-history":[{"count":1,"href":"http:\/\/osp.slonsk.pl\/index.php?rest_route=\/wp\/v2\/pages\/674\/revisions"}],"predecessor-version":[{"id":677,"href":"http:\/\/osp.slonsk.pl\/index.php?rest_route=\/wp\/v2\/pages\/674\/revisions\/677"}],"wp:attachment":[{"href":"http:\/\/osp.slonsk.pl\/index.php?rest_route=%2Fwp%2Fv2%2Fmedia&parent=674"}],"curies":[{"name":"wp","href":"https:\/\/api.w.org\/{rel}","templated":true}]}}