{"id":603,"date":"2014-02-07T06:34:03","date_gmt":"2014-02-07T05:34:03","guid":{"rendered":"http:\/\/osp.slonsk.pl\/?page_id=603"},"modified":"2014-04-24T11:08:39","modified_gmt":"2014-04-24T09:08:39","slug":"foto-z-dawnych-lat-zdjecia-czarno-biale","status":"publish","type":"page","link":"http:\/\/osp.slonsk.pl\/?page_id=603","title":{"rendered":"Foto z dawnych lat (zdj\u0119cia czarno bia\u0142e)"},"content":{"rendered":"<div data-carousel-extra='{\"blog_id\":1,\"permalink\":\"http:\\\/\\\/osp.slonsk.pl\\\/?page_id=603\",\"likes_blog_id\":false}' id='gallery-1' class='gallery galleryid-603 gallery-columns-4 gallery-size-thumbnail'><figure class='gallery-item'>\n\t\t\t<div class='gallery-icon landscape'>\n\t\t\t\t<a href='http:\/\/osp.slonsk.pl\/?attachment_id=604'><img loading=\"lazy\" decoding=\"async\" width=\"150\" height=\"150\" src=\"http:\/\/osp.slonsk.pl\/wp-content\/uploads\/2014\/02\/1-150x150.jpg\" class=\"attachment-thumbnail size-thumbnail\" alt=\"\" aria-describedby=\"gallery-1-604\" data-attachment-id=\"604\" data-orig-file=\"http:\/\/osp.slonsk.pl\/wp-content\/uploads\/2014\/02\/1.jpg\" data-orig-size=\"1500,965\" data-comments-opened=\"0\" data-image-meta=\"{&quot;aperture&quot;:&quot;0&quot;,&quot;credit&quot;:&quot;&quot;,&quot;camera&quot;:&quot;&quot;,&quot;caption&quot;:&quot;&quot;,&quot;created_timestamp&quot;:&quot;0&quot;,&quot;copyright&quot;:&quot;&quot;,&quot;focal_length&quot;:&quot;0&quot;,&quot;iso&quot;:&quot;0&quot;,&quot;shutter_speed&quot;:&quot;0&quot;,&quot;title&quot;:&quot;&quot;}\" data-image-title=\"1\" data-image-description=\"\" data-medium-file=\"http:\/\/osp.slonsk.pl\/wp-content\/uploads\/2014\/02\/1-300x193.jpg\" data-large-file=\"http:\/\/osp.slonsk.pl\/wp-content\/uploads\/2014\/02\/1-1024x658.jpg\" \/><\/a>\n\t\t\t<\/div>\n\t\t\t\t<figcaption class='wp-caption-text gallery-caption' id='gallery-1-604'>\n\t\t\t\tOSP S\u0142o\u0144sk stoj\u0105 od lewej Marian Cieciura, Franciszek Michalik, Tadeusz Kaczorowski,  Wac\u0142aw Kraska, Stanis\u0142aw Adamowski, Stefan Korolewicz, kucaj\u0105 od lewej Tadeusz Generowicz, J\u00f3zef Generowicz, Micha\u0142 Konecki, Zbigniew Trocka, Jan Matkowski, Jerzy Kaczmarczyk, Jerzy Szczotko, ,Jerzy  Stopka, Adam Stybel, \n\t\t\t\t<\/figcaption><\/figure><figure class='gallery-item'>\n\t\t\t<div class='gallery-icon landscape'>\n\t\t\t\t<a href='http:\/\/osp.slonsk.pl\/?attachment_id=605'><img loading=\"lazy\" decoding=\"async\" width=\"150\" height=\"150\" src=\"http:\/\/osp.slonsk.pl\/wp-content\/uploads\/2014\/02\/2-150x150.jpg\" class=\"attachment-thumbnail size-thumbnail\" alt=\"\" aria-describedby=\"gallery-1-605\" data-attachment-id=\"605\" data-orig-file=\"http:\/\/osp.slonsk.pl\/wp-content\/uploads\/2014\/02\/2.jpg\" data-orig-size=\"1487,952\" data-comments-opened=\"0\" data-image-meta=\"{&quot;aperture&quot;:&quot;0&quot;,&quot;credit&quot;:&quot;&quot;,&quot;camera&quot;:&quot;&quot;,&quot;caption&quot;:&quot;&quot;,&quot;created_timestamp&quot;:&quot;0&quot;,&quot;copyright&quot;:&quot;&quot;,&quot;focal_length&quot;:&quot;0&quot;,&quot;iso&quot;:&quot;0&quot;,&quot;shutter_speed&quot;:&quot;0&quot;,&quot;title&quot;:&quot;&quot;}\" data-image-title=\"2\" data-image-description=\"\" data-medium-file=\"http:\/\/osp.slonsk.pl\/wp-content\/uploads\/2014\/02\/2-300x192.jpg\" data-large-file=\"http:\/\/osp.slonsk.pl\/wp-content\/uploads\/2014\/02\/2-1024x655.jpg\" \/><\/a>\n\t\t\t<\/div>\n\t\t\t\t<figcaption class='wp-caption-text gallery-caption' id='gallery-1-605'>\n\t\t\t\tgminne zawody po\u017carnicze w Ownicach w latach 70 (na zdj\u0119ciu OSP S\u0142o\u0144sk, OSP Ownice, OSP G\u0142uchowo i OSP Lemierzyce) na zdj\u0119ciu m.in. Jerzy Stopka, Henryk Wr\u0119czycki, Matusik, Adamowski, Jerzy Bie\u0144,  \n\t\t\t\t<\/figcaption><\/figure><figure class='gallery-item'>\n\t\t\t<div class='gallery-icon landscape'>\n\t\t\t\t<a href='http:\/\/osp.slonsk.pl\/?attachment_id=606'><img loading=\"lazy\" decoding=\"async\" width=\"150\" height=\"150\" src=\"http:\/\/osp.slonsk.pl\/wp-content\/uploads\/2014\/02\/3-150x150.jpg\" class=\"attachment-thumbnail size-thumbnail\" alt=\"\" aria-describedby=\"gallery-1-606\" data-attachment-id=\"606\" data-orig-file=\"http:\/\/osp.slonsk.pl\/wp-content\/uploads\/2014\/02\/3.jpg\" data-orig-size=\"1475,952\" data-comments-opened=\"0\" data-image-meta=\"{&quot;aperture&quot;:&quot;0&quot;,&quot;credit&quot;:&quot;&quot;,&quot;camera&quot;:&quot;&quot;,&quot;caption&quot;:&quot;&quot;,&quot;created_timestamp&quot;:&quot;0&quot;,&quot;copyright&quot;:&quot;&quot;,&quot;focal_length&quot;:&quot;0&quot;,&quot;iso&quot;:&quot;0&quot;,&quot;shutter_speed&quot;:&quot;0&quot;,&quot;title&quot;:&quot;&quot;}\" data-image-title=\"3\" data-image-description=\"\" data-medium-file=\"http:\/\/osp.slonsk.pl\/wp-content\/uploads\/2014\/02\/3-300x193.jpg\" data-large-file=\"http:\/\/osp.slonsk.pl\/wp-content\/uploads\/2014\/02\/3-1024x660.jpg\" \/><\/a>\n\t\t\t<\/div>\n\t\t\t\t<figcaption class='wp-caption-text gallery-caption' id='gallery-1-606'>\n\t\t\t\tzawody po\u017carnicze w Ownicach w latach 70 (pierwszy z prawej) Stanis\u0142aw Adamowski \n\t\t\t\t<\/figcaption><\/figure><figure class='gallery-item'>\n\t\t\t<div class='gallery-icon landscape'>\n\t\t\t\t<a href='http:\/\/osp.slonsk.pl\/?attachment_id=607'><img loading=\"lazy\" decoding=\"async\" width=\"150\" height=\"150\" src=\"http:\/\/osp.slonsk.pl\/wp-content\/uploads\/2014\/02\/4-150x150.jpg\" class=\"attachment-thumbnail size-thumbnail\" alt=\"\" aria-describedby=\"gallery-1-607\" data-attachment-id=\"607\" data-orig-file=\"http:\/\/osp.slonsk.pl\/wp-content\/uploads\/2014\/02\/4.jpg\" data-orig-size=\"1475,990\" data-comments-opened=\"0\" data-image-meta=\"{&quot;aperture&quot;:&quot;0&quot;,&quot;credit&quot;:&quot;&quot;,&quot;camera&quot;:&quot;&quot;,&quot;caption&quot;:&quot;&quot;,&quot;created_timestamp&quot;:&quot;0&quot;,&quot;copyright&quot;:&quot;&quot;,&quot;focal_length&quot;:&quot;0&quot;,&quot;iso&quot;:&quot;0&quot;,&quot;shutter_speed&quot;:&quot;0&quot;,&quot;title&quot;:&quot;&quot;}\" data-image-title=\"4\" data-image-description=\"\" data-medium-file=\"http:\/\/osp.slonsk.pl\/wp-content\/uploads\/2014\/02\/4-300x201.jpg\" data-large-file=\"http:\/\/osp.slonsk.pl\/wp-content\/uploads\/2014\/02\/4-1024x687.jpg\" \/><\/a>\n\t\t\t<\/div>\n\t\t\t\t<figcaption class='wp-caption-text gallery-caption' id='gallery-1-607'>\n\t\t\t\tfotografia wykonana w Ownicach (na zdj\u0119ciu) OSP Jamno, OSP G\u0142uchowo na zdj\u0119ciu m.in. Henryk Pytko, W\u0142odzimierz Wieczorek, Skorek, \n\t\t\t\t<\/figcaption><\/figure><figure class='gallery-item'>\n\t\t\t<div class='gallery-icon landscape'>\n\t\t\t\t<a href='http:\/\/osp.slonsk.pl\/?attachment_id=608'><img loading=\"lazy\" decoding=\"async\" width=\"150\" height=\"150\" src=\"http:\/\/osp.slonsk.pl\/wp-content\/uploads\/2014\/02\/6-150x150.jpg\" class=\"attachment-thumbnail size-thumbnail\" alt=\"\" aria-describedby=\"gallery-1-608\" data-attachment-id=\"608\" data-orig-file=\"http:\/\/osp.slonsk.pl\/wp-content\/uploads\/2014\/02\/6.jpg\" data-orig-size=\"1486,909\" data-comments-opened=\"0\" data-image-meta=\"{&quot;aperture&quot;:&quot;0&quot;,&quot;credit&quot;:&quot;&quot;,&quot;camera&quot;:&quot;&quot;,&quot;caption&quot;:&quot;&quot;,&quot;created_timestamp&quot;:&quot;0&quot;,&quot;copyright&quot;:&quot;&quot;,&quot;focal_length&quot;:&quot;0&quot;,&quot;iso&quot;:&quot;0&quot;,&quot;shutter_speed&quot;:&quot;0&quot;,&quot;title&quot;:&quot;&quot;}\" data-image-title=\"6\" data-image-description=\"\" data-medium-file=\"http:\/\/osp.slonsk.pl\/wp-content\/uploads\/2014\/02\/6-300x183.jpg\" data-large-file=\"http:\/\/osp.slonsk.pl\/wp-content\/uploads\/2014\/02\/6-1024x626.jpg\" \/><\/a>\n\t\t\t<\/div>\n\t\t\t\t<figcaption class='wp-caption-text gallery-caption' id='gallery-1-608'>\n\t\t\t\tOSP S\u0142o\u0144sk stoj\u0105 od lewej Stanis\u0142aw Adamowski, Tadeusz Kaczorowski,Wac\u0142aw Kraska, Stefan Korolewicz, Jerzy Stopka, Franciszek Michalik, kucaj\u0105 od lewej Tadeusz Generowicz,  Tadeusz Gnerowicz, Zbigniew Trocka, Micha\u0142 Konecki, Adam Stybel, J\u00f3zef Generowicz,\n\t\t\t\t<\/figcaption><\/figure><figure class='gallery-item'>\n\t\t\t<div class='gallery-icon landscape'>\n\t\t\t\t<a href='http:\/\/osp.slonsk.pl\/?attachment_id=609'><img loading=\"lazy\" decoding=\"async\" width=\"150\" height=\"150\" src=\"http:\/\/osp.slonsk.pl\/wp-content\/uploads\/2014\/02\/7-150x150.jpg\" class=\"attachment-thumbnail size-thumbnail\" alt=\"\" aria-describedby=\"gallery-1-609\" data-attachment-id=\"609\" data-orig-file=\"http:\/\/osp.slonsk.pl\/wp-content\/uploads\/2014\/02\/7.jpg\" data-orig-size=\"1475,1002\" data-comments-opened=\"0\" data-image-meta=\"{&quot;aperture&quot;:&quot;0&quot;,&quot;credit&quot;:&quot;&quot;,&quot;camera&quot;:&quot;&quot;,&quot;caption&quot;:&quot;&quot;,&quot;created_timestamp&quot;:&quot;0&quot;,&quot;copyright&quot;:&quot;&quot;,&quot;focal_length&quot;:&quot;0&quot;,&quot;iso&quot;:&quot;0&quot;,&quot;shutter_speed&quot;:&quot;0&quot;,&quot;title&quot;:&quot;&quot;}\" data-image-title=\"7\" data-image-description=\"\" data-medium-file=\"http:\/\/osp.slonsk.pl\/wp-content\/uploads\/2014\/02\/7-300x203.jpg\" data-large-file=\"http:\/\/osp.slonsk.pl\/wp-content\/uploads\/2014\/02\/7-1024x695.jpg\" \/><\/a>\n\t\t\t<\/div>\n\t\t\t\t<figcaption class='wp-caption-text gallery-caption' id='gallery-1-609'>\n\t\t\t\tod lewej Jerzy Kaczmarczyk, Tadeusz Maj, Jan Bara\u0144ski, W\u0142odzimierz Wieczorek, przy b\u0119bnie Piotr Napi\u00f3rkowski\n\t\t\t\t<\/figcaption><\/figure><figure class='gallery-item'>\n\t\t\t<div class='gallery-icon landscape'>\n\t\t\t\t<a href='http:\/\/osp.slonsk.pl\/?attachment_id=610'><img loading=\"lazy\" decoding=\"async\" width=\"150\" height=\"150\" src=\"http:\/\/osp.slonsk.pl\/wp-content\/uploads\/2014\/02\/8-150x150.jpg\" class=\"attachment-thumbnail size-thumbnail\" alt=\"\" aria-describedby=\"gallery-1-610\" data-attachment-id=\"610\" data-orig-file=\"http:\/\/osp.slonsk.pl\/wp-content\/uploads\/2014\/02\/8.jpg\" data-orig-size=\"1500,990\" data-comments-opened=\"0\" data-image-meta=\"{&quot;aperture&quot;:&quot;0&quot;,&quot;credit&quot;:&quot;&quot;,&quot;camera&quot;:&quot;&quot;,&quot;caption&quot;:&quot;&quot;,&quot;created_timestamp&quot;:&quot;0&quot;,&quot;copyright&quot;:&quot;&quot;,&quot;focal_length&quot;:&quot;0&quot;,&quot;iso&quot;:&quot;0&quot;,&quot;shutter_speed&quot;:&quot;0&quot;,&quot;title&quot;:&quot;&quot;}\" data-image-title=\"8\" data-image-description=\"\" data-medium-file=\"http:\/\/osp.slonsk.pl\/wp-content\/uploads\/2014\/02\/8-300x198.jpg\" data-large-file=\"http:\/\/osp.slonsk.pl\/wp-content\/uploads\/2014\/02\/8-1024x675.jpg\" \/><\/a>\n\t\t\t<\/div>\n\t\t\t\t<figcaption class='wp-caption-text gallery-caption' id='gallery-1-610'>\n\t\t\t\tprzemarsz ulicami S\u0142o\u0144ska OSP S\u0142o\u0144sk, OSP Lemierzyce, OSP Jamno, OSP G\u0142uchowo,  OSP Ownice na zdj\u0119ciu  m.in. Bronis\u0142aw Kuczkowski, Wac\u0142aw Kraksa, Franciszek Michalik, Eugeniusz Skorek, Tadeusz Szewczyk, \n\t\t\t\t<\/figcaption><\/figure>\n\t\t<\/div>\n\n","protected":false},"excerpt":{"rendered":"","protected":false},"author":1,"featured_media":0,"parent":0,"menu_order":0,"comment_status":"closed","ping_status":"open","template":"","meta":{"footnotes":""},"class_list":["post-603","page","type-page","status-publish","hentry"],"_links":{"self":[{"href":"http:\/\/osp.slonsk.pl\/index.php?rest_route=\/wp\/v2\/pages\/603","targetHints":{"allow":["GET"]}}],"collection":[{"href":"http:\/\/osp.slonsk.pl\/index.php?rest_route=\/wp\/v2\/pages"}],"about":[{"href":"http:\/\/osp.slonsk.pl\/index.php?rest_route=\/wp\/v2\/types\/page"}],"author":[{"embeddable":true,"href":"http:\/\/osp.slonsk.pl\/index.php?rest_route=\/wp\/v2\/users\/1"}],"replies":[{"embeddable":true,"href":"http:\/\/osp.slonsk.pl\/index.php?rest_route=%2Fwp%2Fv2%2Fcomments&post=603"}],"version-history":[{"count":1,"href":"http:\/\/osp.slonsk.pl\/index.php?rest_route=\/wp\/v2\/pages\/603\/revisions"}],"predecessor-version":[{"id":611,"href":"http:\/\/osp.slonsk.pl\/index.php?rest_route=\/wp\/v2\/pages\/603\/revisions\/611"}],"wp:attachment":[{"href":"http:\/\/osp.slonsk.pl\/index.php?rest_route=%2Fwp%2Fv2%2Fmedia&parent=603"}],"curies":[{"name":"wp","href":"https:\/\/api.w.org\/{rel}","templated":true}]}}