{"id":57,"date":"2013-11-11T11:24:10","date_gmt":"2013-11-11T10:24:10","guid":{"rendered":"http:\/\/osp.slonsk.pl\/?page_id=57"},"modified":"2022-01-24T13:50:02","modified_gmt":"2022-01-24T12:50:02","slug":"kontakt","status":"publish","type":"page","link":"http:\/\/osp.slonsk.pl\/?page_id=57","title":{"rendered":"Kontakt"},"content":{"rendered":"<p style=\"text-align: center;\"><span style=\"font-size: 12px;\"><strong>Kontakt<\/strong><\/span><\/p>\n<p style=\"text-align: center;\"><span style=\"font-size: 12px;\">Ochotnicza Stra\u017c Po\u017carna w S\u0142o\u0144sku<\/span><\/p>\n<p style=\"text-align: center;\"><span style=\"font-size: 12px;\">ul. Parkowa 2<\/span><\/p>\n<p style=\"text-align: center;\"><span style=\"font-size: 12px;\">66-436 S\u0142o\u0144sk<\/span><\/p>\n<p style=\"text-align: center;\">e-mail <strong>osp@slonsk.pl<\/strong><\/p>\n<p style=\"text-align: center;\"><strong>Naczelnik<\/strong> &#8211; Dawid Trocka 500 896 637<\/p>\n<p style=\"text-align: center;\"><strong>Komendant Gminny OSP Gminy S\u0142o\u0144sk<\/strong> &#8211; Roman Matkowski 508 143 576<\/p>\n","protected":false},"excerpt":{"rendered":"<p>Kontakt Ochotnicza Stra\u017c Po\u017carna w S\u0142o\u0144sku ul. Parkowa 2 66-436 S\u0142o\u0144sk e-mail osp@slonsk.pl Naczelnik &#8211; Dawid Trocka 500 896 637 Komendant Gminny OSP Gminy S\u0142o\u0144sk &#8211; Roman Matkowski 508 143 576<\/p>\n","protected":false},"author":1,"featured_media":0,"parent":0,"menu_order":0,"comment_status":"closed","ping_status":"open","template":"","meta":{"footnotes":""},"class_list":["post-57","page","type-page","status-publish","hentry"],"_links":{"self":[{"href":"http:\/\/osp.slonsk.pl\/index.php?rest_route=\/wp\/v2\/pages\/57","targetHints":{"allow":["GET"]}}],"collection":[{"href":"http:\/\/osp.slonsk.pl\/index.php?rest_route=\/wp\/v2\/pages"}],"about":[{"href":"http:\/\/osp.slonsk.pl\/index.php?rest_route=\/wp\/v2\/types\/page"}],"author":[{"embeddable":true,"href":"http:\/\/osp.slonsk.pl\/index.php?rest_route=\/wp\/v2\/users\/1"}],"replies":[{"embeddable":true,"href":"http:\/\/osp.slonsk.pl\/index.php?rest_route=%2Fwp%2Fv2%2Fcomments&post=57"}],"version-history":[{"count":13,"href":"http:\/\/osp.slonsk.pl\/index.php?rest_route=\/wp\/v2\/pages\/57\/revisions"}],"predecessor-version":[{"id":5356,"href":"http:\/\/osp.slonsk.pl\/index.php?rest_route=\/wp\/v2\/pages\/57\/revisions\/5356"}],"wp:attachment":[{"href":"http:\/\/osp.slonsk.pl\/index.php?rest_route=%2Fwp%2Fv2%2Fmedia&parent=57"}],"curies":[{"name":"wp","href":"https:\/\/api.w.org\/{rel}","templated":true}]}}