{"id":549,"date":"2014-01-29T23:59:13","date_gmt":"2014-01-29T22:59:13","guid":{"rendered":"http:\/\/osp.slonsk.pl\/?page_id=549"},"modified":"2019-03-08T10:59:43","modified_gmt":"2019-03-08T09:59:43","slug":"2004-05-01-pokaz-strazacki-podczas-dni-slonska","status":"publish","type":"page","link":"http:\/\/osp.slonsk.pl\/?page_id=549","title":{"rendered":"2004.05.01 &#8211; Pokaz stra\u017cacki podczas Dni S\u0142o\u0144ska"},"content":{"rendered":"<div data-carousel-extra='{\"blog_id\":1,\"permalink\":\"http:\\\/\\\/osp.slonsk.pl\\\/?page_id=549\",\"likes_blog_id\":false}' id='gallery-1' class='gallery galleryid-549 gallery-columns-4 gallery-size-thumbnail'><figure class='gallery-item'>\n\t\t\t<div class='gallery-icon landscape'>\n\t\t\t\t<a href='http:\/\/osp.slonsk.pl\/wp-content\/uploads\/2014\/01\/pokaz-dni-slonska-2004-fot-1.jpg'><img loading=\"lazy\" decoding=\"async\" width=\"150\" height=\"150\" src=\"http:\/\/osp.slonsk.pl\/wp-content\/uploads\/2014\/01\/pokaz-dni-slonska-2004-fot-1-150x150.jpg\" class=\"attachment-thumbnail size-thumbnail\" alt=\"\" data-attachment-id=\"550\" data-orig-file=\"http:\/\/osp.slonsk.pl\/wp-content\/uploads\/2014\/01\/pokaz-dni-slonska-2004-fot-1.jpg\" data-orig-size=\"800,533\" data-comments-opened=\"0\" data-image-meta=\"{&quot;aperture&quot;:&quot;11&quot;,&quot;credit&quot;:&quot;&quot;,&quot;camera&quot;:&quot;KODAK LS443 ZOOM DIGITAL CAMERA&quot;,&quot;caption&quot;:&quot;&quot;,&quot;created_timestamp&quot;:&quot;1083418691&quot;,&quot;copyright&quot;:&quot;&quot;,&quot;focal_length&quot;:&quot;12.6&quot;,&quot;iso&quot;:&quot;0&quot;,&quot;shutter_speed&quot;:&quot;0.0166666666667&quot;,&quot;title&quot;:&quot;&quot;}\" data-image-title=\"pokaz dni slonska 2004 fot 1\" data-image-description=\"\" data-medium-file=\"http:\/\/osp.slonsk.pl\/wp-content\/uploads\/2014\/01\/pokaz-dni-slonska-2004-fot-1-300x199.jpg\" data-large-file=\"http:\/\/osp.slonsk.pl\/wp-content\/uploads\/2014\/01\/pokaz-dni-slonska-2004-fot-1.jpg\" \/><\/a>\n\t\t\t<\/div><\/figure><figure class='gallery-item'>\n\t\t\t<div class='gallery-icon landscape'>\n\t\t\t\t<a href='http:\/\/osp.slonsk.pl\/wp-content\/uploads\/2014\/01\/pokaz-dni-slonska-2004-fot-2.jpg'><img loading=\"lazy\" decoding=\"async\" width=\"150\" height=\"150\" src=\"http:\/\/osp.slonsk.pl\/wp-content\/uploads\/2014\/01\/pokaz-dni-slonska-2004-fot-2-150x150.jpg\" class=\"attachment-thumbnail size-thumbnail\" alt=\"\" data-attachment-id=\"551\" data-orig-file=\"http:\/\/osp.slonsk.pl\/wp-content\/uploads\/2014\/01\/pokaz-dni-slonska-2004-fot-2.jpg\" data-orig-size=\"800,533\" data-comments-opened=\"0\" data-image-meta=\"{&quot;aperture&quot;:&quot;9.5&quot;,&quot;credit&quot;:&quot;&quot;,&quot;camera&quot;:&quot;KODAK LS443 ZOOM DIGITAL CAMERA&quot;,&quot;caption&quot;:&quot;&quot;,&quot;created_timestamp&quot;:&quot;1083418736&quot;,&quot;copyright&quot;:&quot;&quot;,&quot;focal_length&quot;:&quot;7.5&quot;,&quot;iso&quot;:&quot;0&quot;,&quot;shutter_speed&quot;:&quot;0.00555555555556&quot;,&quot;title&quot;:&quot;&quot;}\" data-image-title=\"pokaz dni slonska 2004 fot 2\" data-image-description=\"\" data-medium-file=\"http:\/\/osp.slonsk.pl\/wp-content\/uploads\/2014\/01\/pokaz-dni-slonska-2004-fot-2-300x199.jpg\" data-large-file=\"http:\/\/osp.slonsk.pl\/wp-content\/uploads\/2014\/01\/pokaz-dni-slonska-2004-fot-2.jpg\" \/><\/a>\n\t\t\t<\/div><\/figure><figure class='gallery-item'>\n\t\t\t<div class='gallery-icon landscape'>\n\t\t\t\t<a href='http:\/\/osp.slonsk.pl\/wp-content\/uploads\/2014\/01\/pokaz-dni-slonska-2004-fot-3.jpg'><img loading=\"lazy\" decoding=\"async\" width=\"150\" height=\"150\" src=\"http:\/\/osp.slonsk.pl\/wp-content\/uploads\/2014\/01\/pokaz-dni-slonska-2004-fot-3-150x150.jpg\" class=\"attachment-thumbnail size-thumbnail\" alt=\"\" data-attachment-id=\"552\" data-orig-file=\"http:\/\/osp.slonsk.pl\/wp-content\/uploads\/2014\/01\/pokaz-dni-slonska-2004-fot-3.jpg\" data-orig-size=\"800,533\" data-comments-opened=\"0\" data-image-meta=\"{&quot;aperture&quot;:&quot;9.5&quot;,&quot;credit&quot;:&quot;&quot;,&quot;camera&quot;:&quot;KODAK LS443 ZOOM DIGITAL CAMERA&quot;,&quot;caption&quot;:&quot;&quot;,&quot;created_timestamp&quot;:&quot;1083420166&quot;,&quot;copyright&quot;:&quot;&quot;,&quot;focal_length&quot;:&quot;7.5&quot;,&quot;iso&quot;:&quot;0&quot;,&quot;shutter_speed&quot;:&quot;0.00555555555556&quot;,&quot;title&quot;:&quot;&quot;}\" data-image-title=\"pokaz dni slonska 2004 fot 3\" data-image-description=\"\" data-medium-file=\"http:\/\/osp.slonsk.pl\/wp-content\/uploads\/2014\/01\/pokaz-dni-slonska-2004-fot-3-300x199.jpg\" data-large-file=\"http:\/\/osp.slonsk.pl\/wp-content\/uploads\/2014\/01\/pokaz-dni-slonska-2004-fot-3.jpg\" \/><\/a>\n\t\t\t<\/div><\/figure><figure class='gallery-item'>\n\t\t\t<div class='gallery-icon landscape'>\n\t\t\t\t<a href='http:\/\/osp.slonsk.pl\/wp-content\/uploads\/2014\/01\/pokaz-dni-slonska-2004-fot-4.jpg'><img loading=\"lazy\" decoding=\"async\" width=\"150\" height=\"150\" src=\"http:\/\/osp.slonsk.pl\/wp-content\/uploads\/2014\/01\/pokaz-dni-slonska-2004-fot-4-150x150.jpg\" class=\"attachment-thumbnail size-thumbnail\" alt=\"\" data-attachment-id=\"553\" data-orig-file=\"http:\/\/osp.slonsk.pl\/wp-content\/uploads\/2014\/01\/pokaz-dni-slonska-2004-fot-4.jpg\" data-orig-size=\"800,533\" data-comments-opened=\"0\" data-image-meta=\"{&quot;aperture&quot;:&quot;4.7&quot;,&quot;credit&quot;:&quot;&quot;,&quot;camera&quot;:&quot;KODAK LS443 ZOOM DIGITAL CAMERA&quot;,&quot;caption&quot;:&quot;&quot;,&quot;created_timestamp&quot;:&quot;1083431005&quot;,&quot;copyright&quot;:&quot;&quot;,&quot;focal_length&quot;:&quot;21.2&quot;,&quot;iso&quot;:&quot;0&quot;,&quot;shutter_speed&quot;:&quot;0.0111111111111&quot;,&quot;title&quot;:&quot;&quot;}\" data-image-title=\"pokaz dni slonska 2004 fot 4\" data-image-description=\"\" data-medium-file=\"http:\/\/osp.slonsk.pl\/wp-content\/uploads\/2014\/01\/pokaz-dni-slonska-2004-fot-4-300x199.jpg\" data-large-file=\"http:\/\/osp.slonsk.pl\/wp-content\/uploads\/2014\/01\/pokaz-dni-slonska-2004-fot-4.jpg\" \/><\/a>\n\t\t\t<\/div><\/figure><figure class='gallery-item'>\n\t\t\t<div class='gallery-icon landscape'>\n\t\t\t\t<a href='http:\/\/osp.slonsk.pl\/wp-content\/uploads\/2014\/01\/pokaz-dni-slonska-2004-fot-5.jpg'><img loading=\"lazy\" decoding=\"async\" width=\"150\" height=\"150\" src=\"http:\/\/osp.slonsk.pl\/wp-content\/uploads\/2014\/01\/pokaz-dni-slonska-2004-fot-5-150x150.jpg\" class=\"attachment-thumbnail size-thumbnail\" alt=\"\" data-attachment-id=\"554\" data-orig-file=\"http:\/\/osp.slonsk.pl\/wp-content\/uploads\/2014\/01\/pokaz-dni-slonska-2004-fot-5.jpg\" data-orig-size=\"800,533\" data-comments-opened=\"0\" data-image-meta=\"{&quot;aperture&quot;:&quot;4.7&quot;,&quot;credit&quot;:&quot;&quot;,&quot;camera&quot;:&quot;KODAK LS443 ZOOM DIGITAL CAMERA&quot;,&quot;caption&quot;:&quot;&quot;,&quot;created_timestamp&quot;:&quot;1083431130&quot;,&quot;copyright&quot;:&quot;&quot;,&quot;focal_length&quot;:&quot;21.2&quot;,&quot;iso&quot;:&quot;0&quot;,&quot;shutter_speed&quot;:&quot;0.0111111111111&quot;,&quot;title&quot;:&quot;&quot;}\" data-image-title=\"pokaz dni slonska 2004 fot 5\" data-image-description=\"\" data-medium-file=\"http:\/\/osp.slonsk.pl\/wp-content\/uploads\/2014\/01\/pokaz-dni-slonska-2004-fot-5-300x199.jpg\" data-large-file=\"http:\/\/osp.slonsk.pl\/wp-content\/uploads\/2014\/01\/pokaz-dni-slonska-2004-fot-5.jpg\" \/><\/a>\n\t\t\t<\/div><\/figure><figure class='gallery-item'>\n\t\t\t<div class='gallery-icon landscape'>\n\t\t\t\t<a href='http:\/\/osp.slonsk.pl\/wp-content\/uploads\/2014\/01\/pokaz-dni-slonska-2004-fot-6.jpg'><img loading=\"lazy\" decoding=\"async\" width=\"150\" height=\"150\" src=\"http:\/\/osp.slonsk.pl\/wp-content\/uploads\/2014\/01\/pokaz-dni-slonska-2004-fot-6-150x150.jpg\" class=\"attachment-thumbnail size-thumbnail\" alt=\"\" data-attachment-id=\"555\" data-orig-file=\"http:\/\/osp.slonsk.pl\/wp-content\/uploads\/2014\/01\/pokaz-dni-slonska-2004-fot-6.jpg\" data-orig-size=\"800,533\" data-comments-opened=\"0\" data-image-meta=\"{&quot;aperture&quot;:&quot;2.8&quot;,&quot;credit&quot;:&quot;&quot;,&quot;camera&quot;:&quot;KODAK LS443 ZOOM DIGITAL CAMERA&quot;,&quot;caption&quot;:&quot;&quot;,&quot;created_timestamp&quot;:&quot;1083431169&quot;,&quot;copyright&quot;:&quot;&quot;,&quot;focal_length&quot;:&quot;7.5&quot;,&quot;iso&quot;:&quot;0&quot;,&quot;shutter_speed&quot;:&quot;0.0111111111111&quot;,&quot;title&quot;:&quot;&quot;}\" data-image-title=\"pokaz dni slonska 2004 fot 6\" data-image-description=\"\" data-medium-file=\"http:\/\/osp.slonsk.pl\/wp-content\/uploads\/2014\/01\/pokaz-dni-slonska-2004-fot-6-300x199.jpg\" data-large-file=\"http:\/\/osp.slonsk.pl\/wp-content\/uploads\/2014\/01\/pokaz-dni-slonska-2004-fot-6.jpg\" \/><\/a>\n\t\t\t<\/div><\/figure><figure class='gallery-item'>\n\t\t\t<div class='gallery-icon landscape'>\n\t\t\t\t<a href='http:\/\/osp.slonsk.pl\/wp-content\/uploads\/2014\/01\/pokaz-dni-slonska-2004-fot-7.jpg'><img loading=\"lazy\" decoding=\"async\" width=\"150\" height=\"150\" src=\"http:\/\/osp.slonsk.pl\/wp-content\/uploads\/2014\/01\/pokaz-dni-slonska-2004-fot-7-150x150.jpg\" class=\"attachment-thumbnail size-thumbnail\" alt=\"\" data-attachment-id=\"556\" data-orig-file=\"http:\/\/osp.slonsk.pl\/wp-content\/uploads\/2014\/01\/pokaz-dni-slonska-2004-fot-7.jpg\" data-orig-size=\"800,533\" data-comments-opened=\"0\" data-image-meta=\"{&quot;aperture&quot;:&quot;2.8&quot;,&quot;credit&quot;:&quot;&quot;,&quot;camera&quot;:&quot;KODAK LS443 ZOOM DIGITAL CAMERA&quot;,&quot;caption&quot;:&quot;&quot;,&quot;created_timestamp&quot;:&quot;1083431176&quot;,&quot;copyright&quot;:&quot;&quot;,&quot;focal_length&quot;:&quot;7.5&quot;,&quot;iso&quot;:&quot;0&quot;,&quot;shutter_speed&quot;:&quot;0.0111111111111&quot;,&quot;title&quot;:&quot;&quot;}\" data-image-title=\"pokaz dni slonska 2004 fot 7\" data-image-description=\"\" data-medium-file=\"http:\/\/osp.slonsk.pl\/wp-content\/uploads\/2014\/01\/pokaz-dni-slonska-2004-fot-7-300x199.jpg\" data-large-file=\"http:\/\/osp.slonsk.pl\/wp-content\/uploads\/2014\/01\/pokaz-dni-slonska-2004-fot-7.jpg\" \/><\/a>\n\t\t\t<\/div><\/figure><figure class='gallery-item'>\n\t\t\t<div class='gallery-icon landscape'>\n\t\t\t\t<a href='http:\/\/osp.slonsk.pl\/wp-content\/uploads\/2014\/01\/pokaz-dni-slonska-2004-fot-8.jpg'><img loading=\"lazy\" decoding=\"async\" width=\"150\" height=\"150\" src=\"http:\/\/osp.slonsk.pl\/wp-content\/uploads\/2014\/01\/pokaz-dni-slonska-2004-fot-8-150x150.jpg\" class=\"attachment-thumbnail size-thumbnail\" alt=\"\" data-attachment-id=\"557\" data-orig-file=\"http:\/\/osp.slonsk.pl\/wp-content\/uploads\/2014\/01\/pokaz-dni-slonska-2004-fot-8.jpg\" data-orig-size=\"800,533\" data-comments-opened=\"0\" data-image-meta=\"{&quot;aperture&quot;:&quot;2.8&quot;,&quot;credit&quot;:&quot;&quot;,&quot;camera&quot;:&quot;KODAK LS443 ZOOM DIGITAL CAMERA&quot;,&quot;caption&quot;:&quot;&quot;,&quot;created_timestamp&quot;:&quot;1083431183&quot;,&quot;copyright&quot;:&quot;&quot;,&quot;focal_length&quot;:&quot;7.5&quot;,&quot;iso&quot;:&quot;0&quot;,&quot;shutter_speed&quot;:&quot;0.008&quot;,&quot;title&quot;:&quot;&quot;}\" data-image-title=\"pokaz dni slonska 2004 fot 8\" data-image-description=\"\" data-medium-file=\"http:\/\/osp.slonsk.pl\/wp-content\/uploads\/2014\/01\/pokaz-dni-slonska-2004-fot-8-300x199.jpg\" data-large-file=\"http:\/\/osp.slonsk.pl\/wp-content\/uploads\/2014\/01\/pokaz-dni-slonska-2004-fot-8.jpg\" \/><\/a>\n\t\t\t<\/div><\/figure><figure class='gallery-item'>\n\t\t\t<div class='gallery-icon landscape'>\n\t\t\t\t<a href='http:\/\/osp.slonsk.pl\/wp-content\/uploads\/2014\/01\/pokaz-dni-slonska-2004-fot-9.jpg'><img loading=\"lazy\" decoding=\"async\" width=\"150\" height=\"150\" src=\"http:\/\/osp.slonsk.pl\/wp-content\/uploads\/2014\/01\/pokaz-dni-slonska-2004-fot-9-150x150.jpg\" class=\"attachment-thumbnail size-thumbnail\" alt=\"\" data-attachment-id=\"558\" data-orig-file=\"http:\/\/osp.slonsk.pl\/wp-content\/uploads\/2014\/01\/pokaz-dni-slonska-2004-fot-9.jpg\" data-orig-size=\"800,533\" data-comments-opened=\"0\" data-image-meta=\"{&quot;aperture&quot;:&quot;2.8&quot;,&quot;credit&quot;:&quot;&quot;,&quot;camera&quot;:&quot;KODAK LS443 ZOOM DIGITAL CAMERA&quot;,&quot;caption&quot;:&quot;&quot;,&quot;created_timestamp&quot;:&quot;1083431230&quot;,&quot;copyright&quot;:&quot;&quot;,&quot;focal_length&quot;:&quot;7.5&quot;,&quot;iso&quot;:&quot;0&quot;,&quot;shutter_speed&quot;:&quot;0.0166666666667&quot;,&quot;title&quot;:&quot;&quot;}\" data-image-title=\"pokaz dni slonska 2004 fot 9\" data-image-description=\"\" data-medium-file=\"http:\/\/osp.slonsk.pl\/wp-content\/uploads\/2014\/01\/pokaz-dni-slonska-2004-fot-9-300x199.jpg\" data-large-file=\"http:\/\/osp.slonsk.pl\/wp-content\/uploads\/2014\/01\/pokaz-dni-slonska-2004-fot-9.jpg\" \/><\/a>\n\t\t\t<\/div><\/figure><figure class='gallery-item'>\n\t\t\t<div class='gallery-icon landscape'>\n\t\t\t\t<a href='http:\/\/osp.slonsk.pl\/wp-content\/uploads\/2014\/01\/pokaz-dni-slonska-2004-fot-10.jpg'><img loading=\"lazy\" decoding=\"async\" width=\"150\" height=\"150\" src=\"http:\/\/osp.slonsk.pl\/wp-content\/uploads\/2014\/01\/pokaz-dni-slonska-2004-fot-10-150x150.jpg\" class=\"attachment-thumbnail size-thumbnail\" alt=\"\" data-attachment-id=\"559\" data-orig-file=\"http:\/\/osp.slonsk.pl\/wp-content\/uploads\/2014\/01\/pokaz-dni-slonska-2004-fot-10.jpg\" data-orig-size=\"800,533\" data-comments-opened=\"0\" data-image-meta=\"{&quot;aperture&quot;:&quot;2.8&quot;,&quot;credit&quot;:&quot;&quot;,&quot;camera&quot;:&quot;KODAK LS443 ZOOM DIGITAL CAMERA&quot;,&quot;caption&quot;:&quot;&quot;,&quot;created_timestamp&quot;:&quot;1083431246&quot;,&quot;copyright&quot;:&quot;&quot;,&quot;focal_length&quot;:&quot;7.5&quot;,&quot;iso&quot;:&quot;0&quot;,&quot;shutter_speed&quot;:&quot;0.0111111111111&quot;,&quot;title&quot;:&quot;&quot;}\" data-image-title=\"pokaz dni slonska 2004 fot 10\" data-image-description=\"\" data-medium-file=\"http:\/\/osp.slonsk.pl\/wp-content\/uploads\/2014\/01\/pokaz-dni-slonska-2004-fot-10-300x199.jpg\" data-large-file=\"http:\/\/osp.slonsk.pl\/wp-content\/uploads\/2014\/01\/pokaz-dni-slonska-2004-fot-10.jpg\" \/><\/a>\n\t\t\t<\/div><\/figure><figure class='gallery-item'>\n\t\t\t<div class='gallery-icon landscape'>\n\t\t\t\t<a href='http:\/\/osp.slonsk.pl\/wp-content\/uploads\/2014\/01\/pokaz-dni-slonska-2004-fot-11.jpg'><img loading=\"lazy\" decoding=\"async\" width=\"150\" height=\"150\" src=\"http:\/\/osp.slonsk.pl\/wp-content\/uploads\/2014\/01\/pokaz-dni-slonska-2004-fot-11-150x150.jpg\" class=\"attachment-thumbnail size-thumbnail\" alt=\"\" data-attachment-id=\"560\" data-orig-file=\"http:\/\/osp.slonsk.pl\/wp-content\/uploads\/2014\/01\/pokaz-dni-slonska-2004-fot-11.jpg\" data-orig-size=\"800,533\" data-comments-opened=\"0\" data-image-meta=\"{&quot;aperture&quot;:&quot;3.5&quot;,&quot;credit&quot;:&quot;&quot;,&quot;camera&quot;:&quot;KODAK LS443 ZOOM DIGITAL CAMERA&quot;,&quot;caption&quot;:&quot;&quot;,&quot;created_timestamp&quot;:&quot;1083431264&quot;,&quot;copyright&quot;:&quot;&quot;,&quot;focal_length&quot;:&quot;12.6&quot;,&quot;iso&quot;:&quot;0&quot;,&quot;shutter_speed&quot;:&quot;0.008&quot;,&quot;title&quot;:&quot;&quot;}\" data-image-title=\"pokaz dni slonska 2004 fot 11\" data-image-description=\"\" data-medium-file=\"http:\/\/osp.slonsk.pl\/wp-content\/uploads\/2014\/01\/pokaz-dni-slonska-2004-fot-11-300x199.jpg\" data-large-file=\"http:\/\/osp.slonsk.pl\/wp-content\/uploads\/2014\/01\/pokaz-dni-slonska-2004-fot-11.jpg\" \/><\/a>\n\t\t\t<\/div><\/figure><figure class='gallery-item'>\n\t\t\t<div class='gallery-icon landscape'>\n\t\t\t\t<a href='http:\/\/osp.slonsk.pl\/wp-content\/uploads\/2014\/01\/pokaz-dni-slonska-2004-fot-12.jpg'><img loading=\"lazy\" decoding=\"async\" width=\"150\" height=\"150\" src=\"http:\/\/osp.slonsk.pl\/wp-content\/uploads\/2014\/01\/pokaz-dni-slonska-2004-fot-12-150x150.jpg\" class=\"attachment-thumbnail size-thumbnail\" alt=\"\" data-attachment-id=\"561\" data-orig-file=\"http:\/\/osp.slonsk.pl\/wp-content\/uploads\/2014\/01\/pokaz-dni-slonska-2004-fot-12.jpg\" data-orig-size=\"800,533\" data-comments-opened=\"0\" data-image-meta=\"{&quot;aperture&quot;:&quot;2.8&quot;,&quot;credit&quot;:&quot;&quot;,&quot;camera&quot;:&quot;KODAK LS443 ZOOM DIGITAL CAMERA&quot;,&quot;caption&quot;:&quot;&quot;,&quot;created_timestamp&quot;:&quot;1083431268&quot;,&quot;copyright&quot;:&quot;&quot;,&quot;focal_length&quot;:&quot;7.5&quot;,&quot;iso&quot;:&quot;0&quot;,&quot;shutter_speed&quot;:&quot;0.008&quot;,&quot;title&quot;:&quot;&quot;}\" data-image-title=\"pokaz dni slonska 2004 fot 12\" data-image-description=\"\" data-medium-file=\"http:\/\/osp.slonsk.pl\/wp-content\/uploads\/2014\/01\/pokaz-dni-slonska-2004-fot-12-300x199.jpg\" data-large-file=\"http:\/\/osp.slonsk.pl\/wp-content\/uploads\/2014\/01\/pokaz-dni-slonska-2004-fot-12.jpg\" \/><\/a>\n\t\t\t<\/div><\/figure><figure class='gallery-item'>\n\t\t\t<div class='gallery-icon landscape'>\n\t\t\t\t<a href='http:\/\/osp.slonsk.pl\/wp-content\/uploads\/2014\/01\/pokaz-dni-slonska-2004-fot-13.jpg'><img loading=\"lazy\" decoding=\"async\" width=\"150\" height=\"150\" src=\"http:\/\/osp.slonsk.pl\/wp-content\/uploads\/2014\/01\/pokaz-dni-slonska-2004-fot-13-150x150.jpg\" class=\"attachment-thumbnail size-thumbnail\" alt=\"\" data-attachment-id=\"562\" data-orig-file=\"http:\/\/osp.slonsk.pl\/wp-content\/uploads\/2014\/01\/pokaz-dni-slonska-2004-fot-13.jpg\" data-orig-size=\"800,533\" data-comments-opened=\"0\" data-image-meta=\"{&quot;aperture&quot;:&quot;2.8&quot;,&quot;credit&quot;:&quot;&quot;,&quot;camera&quot;:&quot;KODAK LS443 ZOOM DIGITAL CAMERA&quot;,&quot;caption&quot;:&quot;&quot;,&quot;created_timestamp&quot;:&quot;1083431328&quot;,&quot;copyright&quot;:&quot;&quot;,&quot;focal_length&quot;:&quot;7.5&quot;,&quot;iso&quot;:&quot;0&quot;,&quot;shutter_speed&quot;:&quot;0.008&quot;,&quot;title&quot;:&quot;&quot;}\" data-image-title=\"pokaz dni slonska 2004 fot 13\" data-image-description=\"\" data-medium-file=\"http:\/\/osp.slonsk.pl\/wp-content\/uploads\/2014\/01\/pokaz-dni-slonska-2004-fot-13-300x199.jpg\" data-large-file=\"http:\/\/osp.slonsk.pl\/wp-content\/uploads\/2014\/01\/pokaz-dni-slonska-2004-fot-13.jpg\" \/><\/a>\n\t\t\t<\/div><\/figure><figure class='gallery-item'>\n\t\t\t<div class='gallery-icon landscape'>\n\t\t\t\t<a href='http:\/\/osp.slonsk.pl\/wp-content\/uploads\/2014\/01\/pokaz-dni-slonska-2004-fot-14.jpg'><img loading=\"lazy\" decoding=\"async\" width=\"150\" height=\"150\" src=\"http:\/\/osp.slonsk.pl\/wp-content\/uploads\/2014\/01\/pokaz-dni-slonska-2004-fot-14-150x150.jpg\" class=\"attachment-thumbnail size-thumbnail\" alt=\"\" data-attachment-id=\"563\" data-orig-file=\"http:\/\/osp.slonsk.pl\/wp-content\/uploads\/2014\/01\/pokaz-dni-slonska-2004-fot-14.jpg\" data-orig-size=\"800,533\" data-comments-opened=\"0\" data-image-meta=\"{&quot;aperture&quot;:&quot;3.1&quot;,&quot;credit&quot;:&quot;&quot;,&quot;camera&quot;:&quot;KODAK LS443 ZOOM DIGITAL CAMERA&quot;,&quot;caption&quot;:&quot;&quot;,&quot;created_timestamp&quot;:&quot;1083431356&quot;,&quot;copyright&quot;:&quot;&quot;,&quot;focal_length&quot;:&quot;9.8&quot;,&quot;iso&quot;:&quot;0&quot;,&quot;shutter_speed&quot;:&quot;0.0111111111111&quot;,&quot;title&quot;:&quot;&quot;}\" data-image-title=\"pokaz dni slonska 2004 fot 14\" data-image-description=\"\" data-medium-file=\"http:\/\/osp.slonsk.pl\/wp-content\/uploads\/2014\/01\/pokaz-dni-slonska-2004-fot-14-300x199.jpg\" data-large-file=\"http:\/\/osp.slonsk.pl\/wp-content\/uploads\/2014\/01\/pokaz-dni-slonska-2004-fot-14.jpg\" \/><\/a>\n\t\t\t<\/div><\/figure><figure class='gallery-item'>\n\t\t\t<div class='gallery-icon landscape'>\n\t\t\t\t<a href='http:\/\/osp.slonsk.pl\/wp-content\/uploads\/2014\/01\/pokaz-dni-slonska-2004-fot-15.jpg'><img loading=\"lazy\" decoding=\"async\" width=\"150\" height=\"150\" src=\"http:\/\/osp.slonsk.pl\/wp-content\/uploads\/2014\/01\/pokaz-dni-slonska-2004-fot-15-150x150.jpg\" class=\"attachment-thumbnail size-thumbnail\" alt=\"\" data-attachment-id=\"564\" data-orig-file=\"http:\/\/osp.slonsk.pl\/wp-content\/uploads\/2014\/01\/pokaz-dni-slonska-2004-fot-15.jpg\" data-orig-size=\"800,533\" data-comments-opened=\"0\" data-image-meta=\"{&quot;aperture&quot;:&quot;4.7&quot;,&quot;credit&quot;:&quot;&quot;,&quot;camera&quot;:&quot;KODAK LS443 ZOOM DIGITAL CAMERA&quot;,&quot;caption&quot;:&quot;&quot;,&quot;created_timestamp&quot;:&quot;1083431429&quot;,&quot;copyright&quot;:&quot;&quot;,&quot;focal_length&quot;:&quot;21.2&quot;,&quot;iso&quot;:&quot;0&quot;,&quot;shutter_speed&quot;:&quot;0.0111111111111&quot;,&quot;title&quot;:&quot;&quot;}\" data-image-title=\"pokaz dni slonska 2004 fot 15\" data-image-description=\"\" data-medium-file=\"http:\/\/osp.slonsk.pl\/wp-content\/uploads\/2014\/01\/pokaz-dni-slonska-2004-fot-15-300x199.jpg\" data-large-file=\"http:\/\/osp.slonsk.pl\/wp-content\/uploads\/2014\/01\/pokaz-dni-slonska-2004-fot-15.jpg\" \/><\/a>\n\t\t\t<\/div><\/figure><figure class='gallery-item'>\n\t\t\t<div class='gallery-icon landscape'>\n\t\t\t\t<a href='http:\/\/osp.slonsk.pl\/wp-content\/uploads\/2014\/01\/pokaz-dni-slonska-2004-fot-16.jpg'><img loading=\"lazy\" decoding=\"async\" width=\"150\" height=\"150\" src=\"http:\/\/osp.slonsk.pl\/wp-content\/uploads\/2014\/01\/pokaz-dni-slonska-2004-fot-16-150x150.jpg\" class=\"attachment-thumbnail size-thumbnail\" alt=\"\" data-attachment-id=\"565\" data-orig-file=\"http:\/\/osp.slonsk.pl\/wp-content\/uploads\/2014\/01\/pokaz-dni-slonska-2004-fot-16.jpg\" data-orig-size=\"800,533\" data-comments-opened=\"0\" data-image-meta=\"{&quot;aperture&quot;:&quot;3.5&quot;,&quot;credit&quot;:&quot;&quot;,&quot;camera&quot;:&quot;KODAK LS443 ZOOM DIGITAL CAMERA&quot;,&quot;caption&quot;:&quot;&quot;,&quot;created_timestamp&quot;:&quot;1083431455&quot;,&quot;copyright&quot;:&quot;&quot;,&quot;focal_length&quot;:&quot;12.6&quot;,&quot;iso&quot;:&quot;0&quot;,&quot;shutter_speed&quot;:&quot;0.0111111111111&quot;,&quot;title&quot;:&quot;&quot;}\" data-image-title=\"pokaz dni slonska 2004 fot 16\" data-image-description=\"\" data-medium-file=\"http:\/\/osp.slonsk.pl\/wp-content\/uploads\/2014\/01\/pokaz-dni-slonska-2004-fot-16-300x199.jpg\" data-large-file=\"http:\/\/osp.slonsk.pl\/wp-content\/uploads\/2014\/01\/pokaz-dni-slonska-2004-fot-16.jpg\" \/><\/a>\n\t\t\t<\/div><\/figure>\n\t\t<\/div>\n\n<p>&nbsp;<\/p>\n","protected":false},"excerpt":{"rendered":"<p>&nbsp;<\/p>\n","protected":false},"author":1,"featured_media":0,"parent":0,"menu_order":0,"comment_status":"closed","ping_status":"open","template":"","meta":{"footnotes":""},"class_list":["post-549","page","type-page","status-publish","hentry"],"_links":{"self":[{"href":"http:\/\/osp.slonsk.pl\/index.php?rest_route=\/wp\/v2\/pages\/549","targetHints":{"allow":["GET"]}}],"collection":[{"href":"http:\/\/osp.slonsk.pl\/index.php?rest_route=\/wp\/v2\/pages"}],"about":[{"href":"http:\/\/osp.slonsk.pl\/index.php?rest_route=\/wp\/v2\/types\/page"}],"author":[{"embeddable":true,"href":"http:\/\/osp.slonsk.pl\/index.php?rest_route=\/wp\/v2\/users\/1"}],"replies":[{"embeddable":true,"href":"http:\/\/osp.slonsk.pl\/index.php?rest_route=%2Fwp%2Fv2%2Fcomments&post=549"}],"version-history":[{"count":5,"href":"http:\/\/osp.slonsk.pl\/index.php?rest_route=\/wp\/v2\/pages\/549\/revisions"}],"predecessor-version":[{"id":4681,"href":"http:\/\/osp.slonsk.pl\/index.php?rest_route=\/wp\/v2\/pages\/549\/revisions\/4681"}],"wp:attachment":[{"href":"http:\/\/osp.slonsk.pl\/index.php?rest_route=%2Fwp%2Fv2%2Fmedia&parent=549"}],"curies":[{"name":"wp","href":"https:\/\/api.w.org\/{rel}","templated":true}]}}